{"id":54711,"date":"2025-08-05T16:48:45","date_gmt":"2025-08-05T14:48:45","guid":{"rendered":"https:\/\/sundar.be\/product\/pinceaux-refectocil-lash-perm-2-pieces\/"},"modified":"2025-08-05T16:50:08","modified_gmt":"2025-08-05T14:50:08","slug":"pinceaux-refectocil-lash-perm-2-pieces","status":"publish","type":"product","link":"https:\/\/sundar.be\/fr\/produit\/pinceaux-refectocil-lash-perm-2-pieces\/","title":{"rendered":"Pinceaux RefectoCil Lash Perm, 2 pi\u00e8ces"},"content":{"rendered":"<p>La permanente des cils RefectoCil Lash Perm demande une grande pr\u00e9cision \u2014 c\u2019est pourquoi de bons pinceaux sont indispensables. Ces pinceaux sp\u00e9cialement con\u00e7us permettent un travail rapide, facile et pr\u00e9cis. <\/p>\n<p>Cet article fait partie du kit de permanente pour cils Lash Perm, mais peut \u00e9galement \u00eatre command\u00e9 s\u00e9par\u00e9ment.<\/p>\n","protected":false},"excerpt":{"rendered":"<p>La permanente des cils RefectoCil Lash Perm demande une grande pr\u00e9cision \u2014 c\u2019est pourquoi de bons pinceaux sont indispensables. Ces pinceaux sp\u00e9cialement con\u00e7us permettent un travail rapide, facile et pr\u00e9cis. Cet article fait partie du kit de permanente pour cils Lash Perm, mais peut \u00e9galement \u00eatre command\u00e9 s\u00e9par\u00e9ment.<\/p>\n","protected":false},"featured_media":54710,"comment_status":"open","ping_status":"closed","template":"","meta":{"_acf_changed":false},"product_brand":[],"product_cat":[4767,4456,4446,4448],"product_tag":[],"class_list":{"0":"post-54711","1":"product","2":"type-product","3":"status-publish","4":"has-post-thumbnail","6":"product_cat-beaute","7":"product_cat-borsses-cils-accessoires","8":"product_cat-cils-sourcils","9":"product_cat-beaute-refectocil","11":"first","12":"instock","13":"taxable","14":"shipping-taxable","15":"product-type-simple"},"acf":[],"_links":{"self":[{"href":"https:\/\/sundar.be\/fr\/wp-json\/wp\/v2\/product\/54711","targetHints":{"allow":["GET"]}}],"collection":[{"href":"https:\/\/sundar.be\/fr\/wp-json\/wp\/v2\/product"}],"about":[{"href":"https:\/\/sundar.be\/fr\/wp-json\/wp\/v2\/types\/product"}],"replies":[{"embeddable":true,"href":"https:\/\/sundar.be\/fr\/wp-json\/wp\/v2\/comments?post=54711"}],"wp:featuredmedia":[{"embeddable":true,"href":"https:\/\/sundar.be\/fr\/wp-json\/wp\/v2\/media\/54710"}],"wp:attachment":[{"href":"https:\/\/sundar.be\/fr\/wp-json\/wp\/v2\/media?parent=54711"}],"wp:term":[{"taxonomy":"product_brand","embeddable":true,"href":"https:\/\/sundar.be\/fr\/wp-json\/wp\/v2\/product_brand?post=54711"},{"taxonomy":"product_cat","embeddable":true,"href":"https:\/\/sundar.be\/fr\/wp-json\/wp\/v2\/product_cat?post=54711"},{"taxonomy":"product_tag","embeddable":true,"href":"https:\/\/sundar.be\/fr\/wp-json\/wp\/v2\/product_tag?post=54711"}],"curies":[{"name":"wp","href":"https:\/\/api.w.org\/{rel}","templated":true}]}}