{"id":54707,"date":"2025-08-05T16:44:42","date_gmt":"2025-08-05T14:44:42","guid":{"rendered":"https:\/\/sundar.be\/product\/refectocil-browlamination-kit\/"},"modified":"2025-08-05T16:47:17","modified_gmt":"2025-08-05T14:47:17","slug":"refectocil-browlamination-kit","status":"publish","type":"product","link":"https:\/\/sundar.be\/fr\/produit\/refectocil-browlamination-kit\/","title":{"rendered":"RefectoCil Browlamination Kit"},"content":{"rendered":"<p>Avec le RefectoCil Brow Lamination Kit, les sourcils sont fix\u00e9s de mani\u00e8re semi-permanente dans la forme souhait\u00e9e.<\/p>\n<p>L\u2019ingr\u00e9dient k\u00e9ratine, contenu dans le liquide de permanente, renforce la structure du poil, et le temps de pose n\u2019est que de 13 minutes.<\/p>\n<p>Teignez les sourcils imm\u00e9diatement apr\u00e8s en appliquant la teinte souhait\u00e9e, en seulement 3 minutes.<\/p>\n<p>Avec le kit RefectoCil Brow Lamination, vous pouvez effectuer environ 15 traitements.<\/p>\n<p><strong>Contenu:<\/strong><\/p>\n<ul>\n<li>2 x tubes Lash &amp; Brow Perm (3,5 ml)<\/li>\n<li>2 x tubes Neutralizer (3,5 ml)<\/li>\n<li>2 x pinceaux Browista<\/li>\n<li>2 x coupelles<\/li>\n<li>1 x sachet de Eye Care Pads (offert)<\/li>\n<\/ul>\n<p>ASTUCE PRO : utilisez un film de lamination pour un r\u00e9sultat encore plus optimal.<\/p>\n<ul>\n<li>Fixe les sourcils<\/li>\n<li>R\u00e9sultat pendant 3 \u00e0 4 semaines<\/li>\n<li>Pour des sourcils visiblement plus fournis<\/li>\n<\/ul>\n","protected":false},"excerpt":{"rendered":"<p>Avec le RefectoCil Brow Lamination Kit, les sourcils sont fix\u00e9s de mani\u00e8re semi-permanente dans la forme souhait\u00e9e. L\u2019ingr\u00e9dient k\u00e9ratine, contenu dans le liquide de permanente, renforce la structure du poil, et le temps de pose n\u2019est que de 13 minutes. Teignez les sourcils imm\u00e9diatement apr\u00e8s en appliquant la teinte souhait\u00e9e, en seulement 3 minutes. Avec [&hellip;]<\/p>\n","protected":false},"featured_media":54706,"comment_status":"open","ping_status":"closed","template":"","meta":{"_acf_changed":false},"product_brand":[],"product_cat":[4767,4446,4448],"product_tag":[],"class_list":{"0":"post-54707","1":"product","2":"type-product","3":"status-publish","4":"has-post-thumbnail","6":"product_cat-beaute","7":"product_cat-cils-sourcils","8":"product_cat-beaute-refectocil","10":"first","11":"instock","12":"taxable","13":"shipping-taxable","14":"product-type-simple"},"acf":[],"_links":{"self":[{"href":"https:\/\/sundar.be\/fr\/wp-json\/wp\/v2\/product\/54707","targetHints":{"allow":["GET"]}}],"collection":[{"href":"https:\/\/sundar.be\/fr\/wp-json\/wp\/v2\/product"}],"about":[{"href":"https:\/\/sundar.be\/fr\/wp-json\/wp\/v2\/types\/product"}],"replies":[{"embeddable":true,"href":"https:\/\/sundar.be\/fr\/wp-json\/wp\/v2\/comments?post=54707"}],"wp:featuredmedia":[{"embeddable":true,"href":"https:\/\/sundar.be\/fr\/wp-json\/wp\/v2\/media\/54706"}],"wp:attachment":[{"href":"https:\/\/sundar.be\/fr\/wp-json\/wp\/v2\/media?parent=54707"}],"wp:term":[{"taxonomy":"product_brand","embeddable":true,"href":"https:\/\/sundar.be\/fr\/wp-json\/wp\/v2\/product_brand?post=54707"},{"taxonomy":"product_cat","embeddable":true,"href":"https:\/\/sundar.be\/fr\/wp-json\/wp\/v2\/product_cat?post=54707"},{"taxonomy":"product_tag","embeddable":true,"href":"https:\/\/sundar.be\/fr\/wp-json\/wp\/v2\/product_tag?post=54707"}],"curies":[{"name":"wp","href":"https:\/\/api.w.org\/{rel}","templated":true}]}}