{"id":54696,"date":"2025-08-05T16:35:35","date_gmt":"2025-08-05T14:35:35","guid":{"rendered":"https:\/\/sundar.be\/product\/refectocil-lash-and-browbar\/"},"modified":"2025-08-05T16:40:44","modified_gmt":"2025-08-05T14:40:44","slug":"refectocil-lash-and-browbar","status":"publish","type":"product","link":"https:\/\/sundar.be\/fr\/produit\/refectocil-lash-and-browbar\/","title":{"rendered":"RefectoCil Lash and Browbar"},"content":{"rendered":"<p>La nouvelle Lash &amp; Brow Bar de RefectoCil est \u00e0 la fois \u00e9l\u00e9gante et pratique.<br \/>\nFine, l\u00e9g\u00e8re et \u00e9quip\u00e9e d\u2019une poign\u00e9e fonctionnelle, elle permet de transporter facilement les produits ou de les installer de mani\u00e8re ordonn\u00e9e.<br \/>\nCette station de travail est dot\u00e9e de compartiments sp\u00e9cialement con\u00e7us pour accueillir tous les produits essentiels. M\u00eame les disques de coton et les cotons-tiges y trouvent leur place.<br \/>\nUn v\u00e9ritable accroche-regard pour tout salon\u202f!<\/p>\n","protected":false},"excerpt":{"rendered":"<p>La nouvelle Lash &amp; Brow Bar de RefectoCil est \u00e0 la fois \u00e9l\u00e9gante et pratique. Fine, l\u00e9g\u00e8re et \u00e9quip\u00e9e d\u2019une poign\u00e9e fonctionnelle, elle permet de transporter facilement les produits ou de les installer de mani\u00e8re ordonn\u00e9e. Cette station de travail est dot\u00e9e de compartiments sp\u00e9cialement con\u00e7us pour accueillir tous les produits essentiels. M\u00eame les disques [&hellip;]<\/p>\n","protected":false},"featured_media":54693,"comment_status":"open","ping_status":"closed","template":"","meta":{"_acf_changed":false},"product_brand":[],"product_cat":[4767,4446,4448],"product_tag":[],"class_list":{"0":"post-54696","1":"product","2":"type-product","3":"status-publish","4":"has-post-thumbnail","6":"product_cat-beaute","7":"product_cat-cils-sourcils","8":"product_cat-beaute-refectocil","9":"pa_vorm-affichage-vide","10":"pa_vorm-presentoir-rempli","12":"first","13":"instock","14":"taxable","15":"shipping-taxable","16":"product-type-variable"},"acf":[],"_links":{"self":[{"href":"https:\/\/sundar.be\/fr\/wp-json\/wp\/v2\/product\/54696","targetHints":{"allow":["GET"]}}],"collection":[{"href":"https:\/\/sundar.be\/fr\/wp-json\/wp\/v2\/product"}],"about":[{"href":"https:\/\/sundar.be\/fr\/wp-json\/wp\/v2\/types\/product"}],"replies":[{"embeddable":true,"href":"https:\/\/sundar.be\/fr\/wp-json\/wp\/v2\/comments?post=54696"}],"wp:featuredmedia":[{"embeddable":true,"href":"https:\/\/sundar.be\/fr\/wp-json\/wp\/v2\/media\/54693"}],"wp:attachment":[{"href":"https:\/\/sundar.be\/fr\/wp-json\/wp\/v2\/media?parent=54696"}],"wp:term":[{"taxonomy":"product_brand","embeddable":true,"href":"https:\/\/sundar.be\/fr\/wp-json\/wp\/v2\/product_brand?post=54696"},{"taxonomy":"product_cat","embeddable":true,"href":"https:\/\/sundar.be\/fr\/wp-json\/wp\/v2\/product_cat?post=54696"},{"taxonomy":"product_tag","embeddable":true,"href":"https:\/\/sundar.be\/fr\/wp-json\/wp\/v2\/product_tag?post=54696"}],"curies":[{"name":"wp","href":"https:\/\/api.w.org\/{rel}","templated":true}]}}