{"id":54690,"date":"2025-08-05T16:28:46","date_gmt":"2025-08-05T14:28:46","guid":{"rendered":"https:\/\/sundar.be\/product\/refectocil-lash-and-brow-foam-45ml\/"},"modified":"2025-08-05T16:29:54","modified_gmt":"2025-08-05T14:29:54","slug":"refectocil-lash-and-brow-foam-45ml","status":"publish","type":"product","link":"https:\/\/sundar.be\/fr\/produit\/refectocil-lash-and-brow-foam-45ml\/","title":{"rendered":"RefectoCil Lash and Brow Foam, 45ml"},"content":{"rendered":"<p><strong>RefectoCil Mousse Cils &amp; Sourcils<\/strong><\/p>\n<p>La pr\u00e9paration parfaite pour chaque traitement des sourcils ou des cils !<\/p>\n<p>La premi\u00e8re \u00e9tape essentielle de tout traitement des cils ou sourcils : un nettoyage en profondeur et minutieux de la zone autour des yeux et des sourcils. Travailler sur une peau sans maquillage est la cl\u00e9 pour obtenir une intensit\u00e9 de couleur optimale, car des sourcils propres permettent une meilleure absorption des teintures. <\/p>\n<p>La mousse Brow &amp; Lash \u00e9limine sans effort les r\u00e9sidus de maquillage, les impuret\u00e9s et l\u2019exc\u00e8s de s\u00e9bum. Gr\u00e2ce \u00e0 sa texture cr\u00e9meuse et a\u00e9r\u00e9e, elle s\u2019applique facilement sur les sourcils et les cils avant un traitement professionnel. Enrichie en alo\u00e9 vera, elle laisse la peau douce et souple. Sa formule est douce, apaisante et rafra\u00eechissante, sans dess\u00e9cher la peau.   <\/p>\n","protected":false},"excerpt":{"rendered":"<p>RefectoCil Mousse Cils &amp; Sourcils La pr\u00e9paration parfaite pour chaque traitement des sourcils ou des cils ! La premi\u00e8re \u00e9tape essentielle de tout traitement des cils ou sourcils : un nettoyage en profondeur et minutieux de la zone autour des yeux et des sourcils. Travailler sur une peau sans maquillage est la cl\u00e9 pour obtenir [&hellip;]<\/p>\n","protected":false},"featured_media":54688,"comment_status":"open","ping_status":"closed","template":"","meta":{"_acf_changed":false},"product_brand":[],"product_cat":[4767,4446,4448],"product_tag":[],"class_list":{"0":"post-54690","1":"product","2":"type-product","3":"status-publish","4":"has-post-thumbnail","6":"product_cat-beaute","7":"product_cat-cils-sourcils","8":"product_cat-beaute-refectocil","10":"first","11":"instock","12":"taxable","13":"shipping-taxable","14":"product-type-simple"},"acf":[],"_links":{"self":[{"href":"https:\/\/sundar.be\/fr\/wp-json\/wp\/v2\/product\/54690","targetHints":{"allow":["GET"]}}],"collection":[{"href":"https:\/\/sundar.be\/fr\/wp-json\/wp\/v2\/product"}],"about":[{"href":"https:\/\/sundar.be\/fr\/wp-json\/wp\/v2\/types\/product"}],"replies":[{"embeddable":true,"href":"https:\/\/sundar.be\/fr\/wp-json\/wp\/v2\/comments?post=54690"}],"wp:featuredmedia":[{"embeddable":true,"href":"https:\/\/sundar.be\/fr\/wp-json\/wp\/v2\/media\/54688"}],"wp:attachment":[{"href":"https:\/\/sundar.be\/fr\/wp-json\/wp\/v2\/media?parent=54690"}],"wp:term":[{"taxonomy":"product_brand","embeddable":true,"href":"https:\/\/sundar.be\/fr\/wp-json\/wp\/v2\/product_brand?post=54690"},{"taxonomy":"product_cat","embeddable":true,"href":"https:\/\/sundar.be\/fr\/wp-json\/wp\/v2\/product_cat?post=54690"},{"taxonomy":"product_tag","embeddable":true,"href":"https:\/\/sundar.be\/fr\/wp-json\/wp\/v2\/product_tag?post=54690"}],"curies":[{"name":"wp","href":"https:\/\/api.w.org\/{rel}","templated":true}]}}