{"id":54686,"date":"2025-08-05T16:20:26","date_gmt":"2025-08-05T14:20:26","guid":{"rendered":"https:\/\/sundar.be\/product\/refectocil-lash-and-brow-kit-mini\/"},"modified":"2025-08-05T16:21:34","modified_gmt":"2025-08-05T14:21:34","slug":"refectocil-lash-and-brow-kit-mini","status":"publish","type":"product","link":"https:\/\/sundar.be\/fr\/produit\/refectocil-lash-and-brow-kit-mini\/","title":{"rendered":"RefectoCil Lash and Brow Kit Mini"},"content":{"rendered":"<p>Le kit de d\u00e9marrage RefectoCil Mini est id\u00e9al pour d\u00e9buter dans la coloration des cils et des sourcils.<\/p>\n<p>Le kit comprend :<\/p>\n<ul>\n<li>RefectoCil Bruin nr 3.0<\/li>\n<li>RefectoCil Blauw\/Zwart 2.0<\/li>\n<li>RefectoCil Oxidant 3% Liquid<\/li>\n<li>RefectoCil Silicone Pads<\/li>\n<li>4 Brow Styling Strips<\/li>\n<li>4 Additional Strips<\/li>\n<li>1 coupelle de m\u00e9lange<\/li>\n<\/ul>\n","protected":false},"excerpt":{"rendered":"<p>Le kit de d\u00e9marrage RefectoCil Mini est id\u00e9al pour d\u00e9buter dans la coloration des cils et des sourcils. Le kit comprend : RefectoCil Bruin nr 3.0 RefectoCil Blauw\/Zwart 2.0 RefectoCil Oxidant 3% Liquid RefectoCil Silicone Pads 4 Brow Styling Strips 4 Additional Strips 1 coupelle de m\u00e9lange<\/p>\n","protected":false},"featured_media":54685,"comment_status":"open","ping_status":"closed","template":"","meta":{"_acf_changed":false},"product_brand":[],"product_cat":[4767,4446,4448],"product_tag":[],"class_list":{"0":"post-54686","1":"product","2":"type-product","3":"status-publish","4":"has-post-thumbnail","6":"product_cat-beaute","7":"product_cat-cils-sourcils","8":"product_cat-beaute-refectocil","10":"first","11":"instock","12":"taxable","13":"shipping-taxable","14":"product-type-simple"},"acf":[],"_links":{"self":[{"href":"https:\/\/sundar.be\/fr\/wp-json\/wp\/v2\/product\/54686","targetHints":{"allow":["GET"]}}],"collection":[{"href":"https:\/\/sundar.be\/fr\/wp-json\/wp\/v2\/product"}],"about":[{"href":"https:\/\/sundar.be\/fr\/wp-json\/wp\/v2\/types\/product"}],"replies":[{"embeddable":true,"href":"https:\/\/sundar.be\/fr\/wp-json\/wp\/v2\/comments?post=54686"}],"wp:featuredmedia":[{"embeddable":true,"href":"https:\/\/sundar.be\/fr\/wp-json\/wp\/v2\/media\/54685"}],"wp:attachment":[{"href":"https:\/\/sundar.be\/fr\/wp-json\/wp\/v2\/media?parent=54686"}],"wp:term":[{"taxonomy":"product_brand","embeddable":true,"href":"https:\/\/sundar.be\/fr\/wp-json\/wp\/v2\/product_brand?post=54686"},{"taxonomy":"product_cat","embeddable":true,"href":"https:\/\/sundar.be\/fr\/wp-json\/wp\/v2\/product_cat?post=54686"},{"taxonomy":"product_tag","embeddable":true,"href":"https:\/\/sundar.be\/fr\/wp-json\/wp\/v2\/product_tag?post=54686"}],"curies":[{"name":"wp","href":"https:\/\/api.w.org\/{rel}","templated":true}]}}