{"id":54682,"date":"2025-08-05T16:16:21","date_gmt":"2025-08-05T14:16:21","guid":{"rendered":"https:\/\/sundar.be\/product\/refectocil-brow-mapper-pencil-white\/"},"modified":"2025-08-05T16:18:10","modified_gmt":"2025-08-05T14:18:10","slug":"refectocil-brow-mapper-pencil-white","status":"publish","type":"product","link":"https:\/\/sundar.be\/fr\/produit\/refectocil-brow-mapper-pencil-white\/","title":{"rendered":"RefectoCil Brow Mapper Pencil White"},"content":{"rendered":"<p>Ce nouvel outil aide les v\u00e9ritables Browistas \u00e0 offrir \u00e0 leurs clientes un service de qualit\u00e9 optimale. Cr\u00e9er et structurer de magnifiques sourcils est une comp\u00e9tence qui s\u2019acquiert avec de la pratique. La premi\u00e8re \u00e9tape vers des sourcils professionnels consiste \u00e0 trouver la forme id\u00e9ale pour chaque sourcil et chaque type de visage.<br \/>Le nouveau Brow Mapper de RefectoCil permet de cartographier les sourcils avec pr\u00e9cision. Il peut \u00e9galement \u00eatre utilis\u00e9 pour tracer les contours de la forme avant l\u2019application de la teinture.   <\/p>\n<p>* Couleur intense<br \/>\n* R\u00e9siste \u00e0 l\u2019eau, mais s\u2019enl\u00e8ve facilement<\/p>\n","protected":false},"excerpt":{"rendered":"<p>Ce nouvel outil aide les v\u00e9ritables Browistas \u00e0 offrir \u00e0 leurs clientes un service de qualit\u00e9 optimale. Cr\u00e9er et structurer de magnifiques sourcils est une comp\u00e9tence qui s\u2019acquiert avec de la pratique. La premi\u00e8re \u00e9tape vers des sourcils professionnels consiste \u00e0 trouver la forme id\u00e9ale pour chaque sourcil et chaque type de visage.Le nouveau Brow [&hellip;]<\/p>\n","protected":false},"featured_media":54681,"comment_status":"open","ping_status":"closed","template":"","meta":{"_acf_changed":false},"product_brand":[],"product_cat":[4767,4446,4448],"product_tag":[],"class_list":{"0":"post-54682","1":"product","2":"type-product","3":"status-publish","4":"has-post-thumbnail","6":"product_cat-beaute","7":"product_cat-cils-sourcils","8":"product_cat-beaute-refectocil","10":"first","11":"instock","12":"taxable","13":"shipping-taxable","14":"product-type-simple"},"acf":[],"_links":{"self":[{"href":"https:\/\/sundar.be\/fr\/wp-json\/wp\/v2\/product\/54682","targetHints":{"allow":["GET"]}}],"collection":[{"href":"https:\/\/sundar.be\/fr\/wp-json\/wp\/v2\/product"}],"about":[{"href":"https:\/\/sundar.be\/fr\/wp-json\/wp\/v2\/types\/product"}],"replies":[{"embeddable":true,"href":"https:\/\/sundar.be\/fr\/wp-json\/wp\/v2\/comments?post=54682"}],"wp:featuredmedia":[{"embeddable":true,"href":"https:\/\/sundar.be\/fr\/wp-json\/wp\/v2\/media\/54681"}],"wp:attachment":[{"href":"https:\/\/sundar.be\/fr\/wp-json\/wp\/v2\/media?parent=54682"}],"wp:term":[{"taxonomy":"product_brand","embeddable":true,"href":"https:\/\/sundar.be\/fr\/wp-json\/wp\/v2\/product_brand?post=54682"},{"taxonomy":"product_cat","embeddable":true,"href":"https:\/\/sundar.be\/fr\/wp-json\/wp\/v2\/product_cat?post=54682"},{"taxonomy":"product_tag","embeddable":true,"href":"https:\/\/sundar.be\/fr\/wp-json\/wp\/v2\/product_tag?post=54682"}],"curies":[{"name":"wp","href":"https:\/\/api.w.org\/{rel}","templated":true}]}}