{"id":54679,"date":"2025-08-05T16:13:08","date_gmt":"2025-08-05T14:13:08","guid":{"rendered":"https:\/\/sundar.be\/product\/refectocil-lash-perm-batonnets-bois-de-rose-5-pieces\/"},"modified":"2025-08-05T16:14:29","modified_gmt":"2025-08-05T14:14:29","slug":"refectocil-lash-perm-batonnets-bois-de-rose-5-pieces","status":"publish","type":"product","link":"https:\/\/sundar.be\/fr\/produit\/refectocil-lash-perm-batonnets-bois-de-rose-5-pieces\/","title":{"rendered":"RefectoCil Lash Perm B\u00e2tonnets Bois de Rose \u2013 5 pi\u00e8ces"},"content":{"rendered":"<p>Les b\u00e2tonnets d&rsquo;application de recharge sont parfaits pour fixer les cils sur les rouleaux lors d&rsquo;une permanente.<\/p>\n<p>Cet article fait partie du kit de permanente pour cils Lash Perm et peut \u00eatre command\u00e9 s\u00e9par\u00e9ment.<\/p>\n<p>Contenu : 5 pi\u00e8ces<\/p>\n","protected":false},"excerpt":{"rendered":"<p>Les b\u00e2tonnets d&rsquo;application de recharge sont parfaits pour fixer les cils sur les rouleaux lors d&rsquo;une permanente. Cet article fait partie du kit de permanente pour cils Lash Perm et peut \u00eatre command\u00e9 s\u00e9par\u00e9ment. Contenu : 5 pi\u00e8ces<\/p>\n","protected":false},"featured_media":54677,"comment_status":"open","ping_status":"closed","template":"","meta":{"_acf_changed":false},"product_brand":[],"product_cat":[4767,4446,4448],"product_tag":[],"class_list":{"0":"post-54679","1":"product","2":"type-product","3":"status-publish","4":"has-post-thumbnail","6":"product_cat-beaute","7":"product_cat-cils-sourcils","8":"product_cat-beaute-refectocil","10":"first","11":"instock","12":"taxable","13":"shipping-taxable","14":"product-type-simple"},"acf":[],"_links":{"self":[{"href":"https:\/\/sundar.be\/fr\/wp-json\/wp\/v2\/product\/54679","targetHints":{"allow":["GET"]}}],"collection":[{"href":"https:\/\/sundar.be\/fr\/wp-json\/wp\/v2\/product"}],"about":[{"href":"https:\/\/sundar.be\/fr\/wp-json\/wp\/v2\/types\/product"}],"replies":[{"embeddable":true,"href":"https:\/\/sundar.be\/fr\/wp-json\/wp\/v2\/comments?post=54679"}],"wp:featuredmedia":[{"embeddable":true,"href":"https:\/\/sundar.be\/fr\/wp-json\/wp\/v2\/media\/54677"}],"wp:attachment":[{"href":"https:\/\/sundar.be\/fr\/wp-json\/wp\/v2\/media?parent=54679"}],"wp:term":[{"taxonomy":"product_brand","embeddable":true,"href":"https:\/\/sundar.be\/fr\/wp-json\/wp\/v2\/product_brand?post=54679"},{"taxonomy":"product_cat","embeddable":true,"href":"https:\/\/sundar.be\/fr\/wp-json\/wp\/v2\/product_cat?post=54679"},{"taxonomy":"product_tag","embeddable":true,"href":"https:\/\/sundar.be\/fr\/wp-json\/wp\/v2\/product_tag?post=54679"}],"curies":[{"name":"wp","href":"https:\/\/api.w.org\/{rel}","templated":true}]}}