{"id":54669,"date":"2025-08-05T11:31:26","date_gmt":"2025-08-05T09:31:26","guid":{"rendered":"https:\/\/sundar.be\/product\/refectocil-application-set-mini\/"},"modified":"2025-08-05T11:36:43","modified_gmt":"2025-08-05T09:36:43","slug":"refectocil-application-set-mini","status":"publish","type":"product","link":"https:\/\/sundar.be\/fr\/produit\/refectocil-application-set-mini\/","title":{"rendered":"RefectoCil Application Set Mini"},"content":{"rendered":"<p>Les b\u00e2tonnets m\u00e9langeurs RefectoCil avec embout pour sourcils sont des accessoires pratiques pour m\u00e9langer et appliquer la teinture pour cils.<\/p>\n","protected":false},"excerpt":{"rendered":"<p>Les b\u00e2tonnets m\u00e9langeurs RefectoCil avec embout pour sourcils sont des accessoires pratiques pour m\u00e9langer et appliquer la teinture pour cils.<\/p>\n","protected":false},"featured_media":54668,"comment_status":"open","ping_status":"closed","template":"","meta":{"_acf_changed":false},"product_brand":[],"product_cat":[4767,4456,4446,4448],"product_tag":[],"class_list":{"0":"post-54669","1":"product","2":"type-product","3":"status-publish","4":"has-post-thumbnail","6":"product_cat-beaute","7":"product_cat-borsses-cils-accessoires","8":"product_cat-cils-sourcils","9":"product_cat-beaute-refectocil","11":"first","12":"instock","13":"taxable","14":"shipping-taxable","15":"product-type-simple"},"acf":[],"_links":{"self":[{"href":"https:\/\/sundar.be\/fr\/wp-json\/wp\/v2\/product\/54669","targetHints":{"allow":["GET"]}}],"collection":[{"href":"https:\/\/sundar.be\/fr\/wp-json\/wp\/v2\/product"}],"about":[{"href":"https:\/\/sundar.be\/fr\/wp-json\/wp\/v2\/types\/product"}],"replies":[{"embeddable":true,"href":"https:\/\/sundar.be\/fr\/wp-json\/wp\/v2\/comments?post=54669"}],"wp:featuredmedia":[{"embeddable":true,"href":"https:\/\/sundar.be\/fr\/wp-json\/wp\/v2\/media\/54668"}],"wp:attachment":[{"href":"https:\/\/sundar.be\/fr\/wp-json\/wp\/v2\/media?parent=54669"}],"wp:term":[{"taxonomy":"product_brand","embeddable":true,"href":"https:\/\/sundar.be\/fr\/wp-json\/wp\/v2\/product_brand?post=54669"},{"taxonomy":"product_cat","embeddable":true,"href":"https:\/\/sundar.be\/fr\/wp-json\/wp\/v2\/product_cat?post=54669"},{"taxonomy":"product_tag","embeddable":true,"href":"https:\/\/sundar.be\/fr\/wp-json\/wp\/v2\/product_tag?post=54669"}],"curies":[{"name":"wp","href":"https:\/\/api.w.org\/{rel}","templated":true}]}}