{"id":54665,"date":"2025-08-05T11:26:48","date_gmt":"2025-08-05T09:26:48","guid":{"rendered":"https:\/\/sundar.be\/product\/refectocil-presentoir-produits-de-soin\/"},"modified":"2025-08-05T11:29:06","modified_gmt":"2025-08-05T09:29:06","slug":"refectocil-presentoir-produits-de-soin","status":"publish","type":"product","link":"https:\/\/sundar.be\/fr\/produit\/refectocil-presentoir-produits-de-soin\/","title":{"rendered":"RefectoCil Pr\u00e9sentoir Produits de Soin"},"content":{"rendered":"<p>Ce pr\u00e9sentoir RefectoCil Care est un v\u00e9ritable accroche-regard pour votre comptoir\u202f! Les produits de vente sont parfaitement mis en valeur pour stimuler les ventes additionnelles en salon. <\/p>\n<p>Contenu du pr\u00e9sentoir RefectoCil Care :<\/p>\n<ul>\n<li>4 bo\u00eetes de Eye Care Pads<\/li>\n<li>4 s\u00e9rums Lash &amp; Brow<\/li>\n<li>4 gels coiffants (Styling Gel)<\/li>\n<li>4 baumes de soin (Care Balm)<\/li>\n<\/ul>\n<p>Placez ce pr\u00e9sentoir \u00e0 un endroit strat\u00e9gique et visible sur votre comptoir ou dans le salon pour encourager les ventes\u202f!<\/p>\n","protected":false},"excerpt":{"rendered":"<p>Ce pr\u00e9sentoir RefectoCil Care est un v\u00e9ritable accroche-regard pour votre comptoir\u202f! Les produits de vente sont parfaitement mis en valeur pour stimuler les ventes additionnelles en salon. Contenu du pr\u00e9sentoir RefectoCil Care : 4 bo\u00eetes de Eye Care Pads 4 s\u00e9rums Lash &amp; Brow 4 gels coiffants (Styling Gel) 4 baumes de soin (Care Balm) [&hellip;]<\/p>\n","protected":false},"featured_media":54664,"comment_status":"open","ping_status":"closed","template":"","meta":{"_acf_changed":false},"product_brand":[],"product_cat":[4767,4446,4448],"product_tag":[],"class_list":{"0":"post-54665","1":"product","2":"type-product","3":"status-publish","4":"has-post-thumbnail","6":"product_cat-beaute","7":"product_cat-cils-sourcils","8":"product_cat-beaute-refectocil","10":"first","11":"instock","12":"taxable","13":"shipping-taxable","14":"product-type-simple"},"acf":[],"_links":{"self":[{"href":"https:\/\/sundar.be\/fr\/wp-json\/wp\/v2\/product\/54665","targetHints":{"allow":["GET"]}}],"collection":[{"href":"https:\/\/sundar.be\/fr\/wp-json\/wp\/v2\/product"}],"about":[{"href":"https:\/\/sundar.be\/fr\/wp-json\/wp\/v2\/types\/product"}],"replies":[{"embeddable":true,"href":"https:\/\/sundar.be\/fr\/wp-json\/wp\/v2\/comments?post=54665"}],"wp:featuredmedia":[{"embeddable":true,"href":"https:\/\/sundar.be\/fr\/wp-json\/wp\/v2\/media\/54664"}],"wp:attachment":[{"href":"https:\/\/sundar.be\/fr\/wp-json\/wp\/v2\/media?parent=54665"}],"wp:term":[{"taxonomy":"product_brand","embeddable":true,"href":"https:\/\/sundar.be\/fr\/wp-json\/wp\/v2\/product_brand?post=54665"},{"taxonomy":"product_cat","embeddable":true,"href":"https:\/\/sundar.be\/fr\/wp-json\/wp\/v2\/product_cat?post=54665"},{"taxonomy":"product_tag","embeddable":true,"href":"https:\/\/sundar.be\/fr\/wp-json\/wp\/v2\/product_tag?post=54665"}],"curies":[{"name":"wp","href":"https:\/\/api.w.org\/{rel}","templated":true}]}}