{"id":54660,"date":"2025-08-05T11:23:04","date_gmt":"2025-08-05T09:23:04","guid":{"rendered":"https:\/\/sundar.be\/product\/refectocil-brow-highlighter-pencil\/"},"modified":"2025-08-05T11:24:44","modified_gmt":"2025-08-05T09:24:44","slug":"refectocil-brow-highlighter-pencil","status":"publish","type":"product","link":"https:\/\/sundar.be\/fr\/produit\/refectocil-brow-highlighter-pencil\/","title":{"rendered":"RefectoCil Brow Highlighter Pencil"},"content":{"rendered":"<p>Les nouveaux produits sourcils de RefectoCil ne se contentent pas de sublimer le contour des yeux, ils compl\u00e8tent parfaitement votre styling des cils et des sourcils.<\/p>\n<p>Le Brow Highlighter Set de RefectoCil cr\u00e9e un effet liftant optique, ouvrant davantage le regard pour un look irr\u00e9sistible !<\/p>\n<ul>\n<li>Texture enrichie en poudre de soie<\/li>\n<li>Longue tenue jusqu\u2019\u00e0 8 heures<\/li>\n<li>R\u00e9sistant aux bavures et \u00e0 l\u2019eau<\/li>\n<li>Texture poudre unique, facile \u00e0 appliquer<\/li>\n<li>Effet subtilement lumineux<\/li>\n<\/ul>\n","protected":false},"excerpt":{"rendered":"<p>Les nouveaux produits sourcils de RefectoCil ne se contentent pas de sublimer le contour des yeux, ils compl\u00e8tent parfaitement votre styling des cils et des sourcils. Le Brow Highlighter Set de RefectoCil cr\u00e9e un effet liftant optique, ouvrant davantage le regard pour un look irr\u00e9sistible ! Texture enrichie en poudre de soie Longue tenue jusqu\u2019\u00e0 [&hellip;]<\/p>\n","protected":false},"featured_media":54659,"comment_status":"open","ping_status":"closed","template":"","meta":{"_acf_changed":false},"product_brand":[],"product_cat":[4767,4446,4448],"product_tag":[],"class_list":{"0":"post-54660","1":"product","2":"type-product","3":"status-publish","4":"has-post-thumbnail","6":"product_cat-beaute","7":"product_cat-cils-sourcils","8":"product_cat-beaute-refectocil","10":"first","11":"instock","12":"taxable","13":"shipping-taxable","14":"product-type-simple"},"acf":[],"_links":{"self":[{"href":"https:\/\/sundar.be\/fr\/wp-json\/wp\/v2\/product\/54660","targetHints":{"allow":["GET"]}}],"collection":[{"href":"https:\/\/sundar.be\/fr\/wp-json\/wp\/v2\/product"}],"about":[{"href":"https:\/\/sundar.be\/fr\/wp-json\/wp\/v2\/types\/product"}],"replies":[{"embeddable":true,"href":"https:\/\/sundar.be\/fr\/wp-json\/wp\/v2\/comments?post=54660"}],"wp:featuredmedia":[{"embeddable":true,"href":"https:\/\/sundar.be\/fr\/wp-json\/wp\/v2\/media\/54659"}],"wp:attachment":[{"href":"https:\/\/sundar.be\/fr\/wp-json\/wp\/v2\/media?parent=54660"}],"wp:term":[{"taxonomy":"product_brand","embeddable":true,"href":"https:\/\/sundar.be\/fr\/wp-json\/wp\/v2\/product_brand?post=54660"},{"taxonomy":"product_cat","embeddable":true,"href":"https:\/\/sundar.be\/fr\/wp-json\/wp\/v2\/product_cat?post=54660"},{"taxonomy":"product_tag","embeddable":true,"href":"https:\/\/sundar.be\/fr\/wp-json\/wp\/v2\/product_tag?post=54660"}],"curies":[{"name":"wp","href":"https:\/\/api.w.org\/{rel}","templated":true}]}}