{"id":54604,"date":"2025-08-05T09:32:24","date_gmt":"2025-08-05T07:32:24","guid":{"rendered":"https:\/\/sundar.be\/product\/ruban-medical-125-cm-x-92-m\/"},"modified":"2025-08-05T09:45:30","modified_gmt":"2025-08-05T07:45:30","slug":"ruban-medical-125-cm-x-92-m","status":"publish","type":"product","link":"https:\/\/sundar.be\/fr\/produit\/ruban-medical-125-cm-x-92-m\/","title":{"rendered":"Ruban m\u00e9dical 1,25 cm x 9,2 m"},"content":{"rendered":"<p>Ruban m\u00e9dical pour prot\u00e9ger la peau par masquage.<\/p>\n<ul>\n<li>Largeur : 1,25 cm<\/li>\n<li>Longueur: 9,15m<\/li>\n<\/ul>\n","protected":false},"excerpt":{"rendered":"<p>Ruban m\u00e9dical pour prot\u00e9ger la peau par masquage. Largeur : 1,25 cm Longueur: 9,15m<\/p>\n","protected":false},"featured_media":54601,"comment_status":"open","ping_status":"closed","template":"","meta":{"_acf_changed":false},"product_brand":[],"product_cat":[4767,4456,4446,5790],"product_tag":[],"class_list":{"0":"post-54604","1":"product","2":"type-product","3":"status-publish","4":"has-post-thumbnail","6":"product_cat-beaute","7":"product_cat-borsses-cils-accessoires","8":"product_cat-cils-sourcils","9":"product_cat-ion-color-brilliance","11":"first","12":"instock","13":"taxable","14":"shipping-taxable","15":"product-type-simple"},"acf":[],"_links":{"self":[{"href":"https:\/\/sundar.be\/fr\/wp-json\/wp\/v2\/product\/54604","targetHints":{"allow":["GET"]}}],"collection":[{"href":"https:\/\/sundar.be\/fr\/wp-json\/wp\/v2\/product"}],"about":[{"href":"https:\/\/sundar.be\/fr\/wp-json\/wp\/v2\/types\/product"}],"replies":[{"embeddable":true,"href":"https:\/\/sundar.be\/fr\/wp-json\/wp\/v2\/comments?post=54604"}],"wp:featuredmedia":[{"embeddable":true,"href":"https:\/\/sundar.be\/fr\/wp-json\/wp\/v2\/media\/54601"}],"wp:attachment":[{"href":"https:\/\/sundar.be\/fr\/wp-json\/wp\/v2\/media?parent=54604"}],"wp:term":[{"taxonomy":"product_brand","embeddable":true,"href":"https:\/\/sundar.be\/fr\/wp-json\/wp\/v2\/product_brand?post=54604"},{"taxonomy":"product_cat","embeddable":true,"href":"https:\/\/sundar.be\/fr\/wp-json\/wp\/v2\/product_cat?post=54604"},{"taxonomy":"product_tag","embeddable":true,"href":"https:\/\/sundar.be\/fr\/wp-json\/wp\/v2\/product_tag?post=54604"}],"curies":[{"name":"wp","href":"https:\/\/api.w.org\/{rel}","templated":true}]}}