{"id":54593,"date":"2025-08-05T09:24:27","date_gmt":"2025-08-05T07:24:27","guid":{"rendered":"https:\/\/sundar.be\/product\/ion-color-brilliance-presentoir-de-comptoir-vide\/"},"modified":"2025-08-05T09:27:13","modified_gmt":"2025-08-05T07:27:13","slug":"ion-color-brilliance-presentoir-de-comptoir-vide","status":"publish","type":"product","link":"https:\/\/sundar.be\/fr\/produit\/ion-color-brilliance-presentoir-de-comptoir-vide\/","title":{"rendered":"Ion Color Brilliance Pr\u00e9sentoir de Comptoir (Vide)"},"content":{"rendered":"<p>Pr\u00e9sentoir vide, offert \u00e0 l&rsquo;achat de 60 tubes et 12 d\u00e9veloppeurs. \u00c9galement disponible \u00e0 l&rsquo;unit\u00e9. <\/p>\n","protected":false},"excerpt":{"rendered":"<p>Pr\u00e9sentoir vide, offert \u00e0 l&rsquo;achat de 60 tubes et 12 d\u00e9veloppeurs. \u00c9galement disponible \u00e0 l&rsquo;unit\u00e9.<\/p>\n","protected":false},"featured_media":54591,"comment_status":"open","ping_status":"closed","template":"","meta":{"_acf_changed":false},"product_brand":[],"product_cat":[4767,4446,5790],"product_tag":[],"class_list":{"0":"post-54593","1":"product","2":"type-product","3":"status-publish","4":"has-post-thumbnail","6":"product_cat-beaute","7":"product_cat-cils-sourcils","8":"product_cat-ion-color-brilliance","10":"first","11":"instock","12":"taxable","13":"shipping-taxable","14":"product-type-simple"},"acf":[],"_links":{"self":[{"href":"https:\/\/sundar.be\/fr\/wp-json\/wp\/v2\/product\/54593","targetHints":{"allow":["GET"]}}],"collection":[{"href":"https:\/\/sundar.be\/fr\/wp-json\/wp\/v2\/product"}],"about":[{"href":"https:\/\/sundar.be\/fr\/wp-json\/wp\/v2\/types\/product"}],"replies":[{"embeddable":true,"href":"https:\/\/sundar.be\/fr\/wp-json\/wp\/v2\/comments?post=54593"}],"wp:featuredmedia":[{"embeddable":true,"href":"https:\/\/sundar.be\/fr\/wp-json\/wp\/v2\/media\/54591"}],"wp:attachment":[{"href":"https:\/\/sundar.be\/fr\/wp-json\/wp\/v2\/media?parent=54593"}],"wp:term":[{"taxonomy":"product_brand","embeddable":true,"href":"https:\/\/sundar.be\/fr\/wp-json\/wp\/v2\/product_brand?post=54593"},{"taxonomy":"product_cat","embeddable":true,"href":"https:\/\/sundar.be\/fr\/wp-json\/wp\/v2\/product_cat?post=54593"},{"taxonomy":"product_tag","embeddable":true,"href":"https:\/\/sundar.be\/fr\/wp-json\/wp\/v2\/product_tag?post=54593"}],"curies":[{"name":"wp","href":"https:\/\/api.w.org\/{rel}","templated":true}]}}