{"id":54583,"date":"2025-08-05T09:07:43","date_gmt":"2025-08-05T07:07:43","guid":{"rendered":"https:\/\/sundar.be\/product\/ion-color-brilliance-teinture-pour-cils-15ml\/"},"modified":"2025-08-05T09:08:57","modified_gmt":"2025-08-05T07:08:57","slug":"ion-color-brilliance-teinture-pour-cils-15ml","status":"publish","type":"product","link":"https:\/\/sundar.be\/fr\/produit\/ion-color-brilliance-teinture-pour-cils-15ml\/","title":{"rendered":"ION Color Brilliance Teinture pour Cils, 15ml"},"content":{"rendered":"<p>De beaux cils et sourcils apportent \u00e0 votre visage ce petit plus d\u2019\u00e9clat. Gr\u00e2ce \u00e0 la nouvelle teinture pour cils et sourcils et aux accessoires de notre ligne Star Look, vous cr\u00e9ez en un clin d&rsquo;\u0153il un regard \u00e9clatant et un look remarquable. Une simple couche de teinture suffit pour donner \u00e0 vos cils et sourcils un aspect imm\u00e9diatement plus long et plus volumineux.<br \/>Tous nos produits sont test\u00e9s dermatologiquement et faciles \u00e0 appliquer.   <\/p>\n","protected":false},"excerpt":{"rendered":"<p>De beaux cils et sourcils apportent \u00e0 votre visage ce petit plus d\u2019\u00e9clat. Gr\u00e2ce \u00e0 la nouvelle teinture pour cils et sourcils et aux accessoires de notre ligne Star Look, vous cr\u00e9ez en un clin d&rsquo;\u0153il un regard \u00e9clatant et un look remarquable. Une simple couche de teinture suffit pour donner \u00e0 vos cils et [&hellip;]<\/p>\n","protected":false},"featured_media":54580,"comment_status":"open","ping_status":"closed","template":"","meta":{"_acf_changed":false},"product_brand":[],"product_cat":[4767,4446,5790],"product_tag":[],"class_list":{"0":"post-54583","1":"product","2":"type-product","3":"status-publish","4":"has-post-thumbnail","6":"product_cat-beaute","7":"product_cat-cils-sourcils","8":"product_cat-ion-color-brilliance","9":"pa_kleur-nr-1-zwart","10":"pa_kleur-nr-2-blauw-zwart","11":"pa_kleur-nr-3-bruin-2","12":"pa_kleur-nr-3-1-lichtbruin","13":"pa_kleur-nr-4-grafiet","15":"first","16":"instock","17":"taxable","18":"shipping-taxable","19":"product-type-variable"},"acf":[],"_links":{"self":[{"href":"https:\/\/sundar.be\/fr\/wp-json\/wp\/v2\/product\/54583","targetHints":{"allow":["GET"]}}],"collection":[{"href":"https:\/\/sundar.be\/fr\/wp-json\/wp\/v2\/product"}],"about":[{"href":"https:\/\/sundar.be\/fr\/wp-json\/wp\/v2\/types\/product"}],"replies":[{"embeddable":true,"href":"https:\/\/sundar.be\/fr\/wp-json\/wp\/v2\/comments?post=54583"}],"wp:featuredmedia":[{"embeddable":true,"href":"https:\/\/sundar.be\/fr\/wp-json\/wp\/v2\/media\/54580"}],"wp:attachment":[{"href":"https:\/\/sundar.be\/fr\/wp-json\/wp\/v2\/media?parent=54583"}],"wp:term":[{"taxonomy":"product_brand","embeddable":true,"href":"https:\/\/sundar.be\/fr\/wp-json\/wp\/v2\/product_brand?post=54583"},{"taxonomy":"product_cat","embeddable":true,"href":"https:\/\/sundar.be\/fr\/wp-json\/wp\/v2\/product_cat?post=54583"},{"taxonomy":"product_tag","embeddable":true,"href":"https:\/\/sundar.be\/fr\/wp-json\/wp\/v2\/product_tag?post=54583"}],"curies":[{"name":"wp","href":"https:\/\/api.w.org\/{rel}","templated":true}]}}