{"id":54478,"date":"2025-05-23T10:47:08","date_gmt":"2025-05-23T08:47:08","guid":{"rendered":"https:\/\/sundar.be\/product\/ionto-glowsolution-glowpolish-liquid-2-500ml\/"},"modified":"2025-12-16T13:35:03","modified_gmt":"2025-12-16T12:35:03","slug":"ionto-glowsolution-glowpolish-liquid-2-500ml","status":"publish","type":"product","link":"https:\/\/sundar.be\/fr\/produit\/ionto-glowsolution-glowpolish-liquid-2-500ml\/","title":{"rendered":"Ionto GlowSolution GlowPolish (liquid 2), 500ml"},"content":{"rendered":"<p data-start=\"68\" data-end=\"387\"><span style=\"color: #557e96;\"><strong>IONTO GlowSolution GlowPolish<\/strong><\/span> est l\u2019<strong data-start=\"101\" data-end=\"111\">\u00e9tape 2<\/strong> du protocole professionnel IONTO GlowSolution et se concentre sur le <strong data-start=\"186\" data-end=\"236\">lissage intensif et l\u2019\u00e9claircissement de la peau<\/strong>. Cette solution peeling puissante polit la peau de mani\u00e8re contr\u00f4l\u00e9e, \u00e9limine les cellules mortes et aide \u00e0 affiner visiblement la texture cutan\u00e9e. <\/p>\n<p data-start=\"389\" data-end=\"707\">Gr\u00e2ce \u00e0 la combinaison de diff\u00e9rents acides exfoliants, la peau devient plus lisse, plus uniforme et plus fra\u00eeche, tandis que des ingr\u00e9dients hydratants soutiennent le confort cutan\u00e9. GlowPolish constitue la deuxi\u00e8me \u00e9tape essentielle apr\u00e8s le nettoyage et pr\u00e9pare la peau de mani\u00e8re optimale \u00e0 l\u2019absorption des actifs lors des \u00e9tapes suivantes. <\/p>\n","protected":false},"excerpt":{"rendered":"<p data-start=\"742\" data-end=\"898\">Un peeling polissant intensif en tant qu\u2019\u00e9tape 2 du traitement IONTO GlowSolution. Affine la texture de la peau et procure un teint clair et frais. <\/p>\n","protected":false},"featured_media":55796,"comment_status":"open","ping_status":"closed","template":"","meta":{"_acf_changed":false},"product_brand":[],"product_cat":[4945,4769,4789,5782,4982,4972,6165],"product_tag":[],"class_list":{"0":"post-54478","1":"product","2":"type-product","3":"status-publish","4":"has-post-thumbnail","6":"product_cat-amenagement-institut-webshop-fr","7":"product_cat-amenagement-appareils","8":"product_cat-appareils-de-beaute","9":"product_cat-glow-solution-fr","10":"product_cat-ionto-comed-fr","11":"product_cat-nos-marques","12":"product_cat-produits-ionto","14":"first","15":"instock","16":"taxable","17":"shipping-taxable","18":"product-type-simple"},"acf":[],"_links":{"self":[{"href":"https:\/\/sundar.be\/fr\/wp-json\/wp\/v2\/product\/54478","targetHints":{"allow":["GET"]}}],"collection":[{"href":"https:\/\/sundar.be\/fr\/wp-json\/wp\/v2\/product"}],"about":[{"href":"https:\/\/sundar.be\/fr\/wp-json\/wp\/v2\/types\/product"}],"replies":[{"embeddable":true,"href":"https:\/\/sundar.be\/fr\/wp-json\/wp\/v2\/comments?post=54478"}],"wp:featuredmedia":[{"embeddable":true,"href":"https:\/\/sundar.be\/fr\/wp-json\/wp\/v2\/media\/55796"}],"wp:attachment":[{"href":"https:\/\/sundar.be\/fr\/wp-json\/wp\/v2\/media?parent=54478"}],"wp:term":[{"taxonomy":"product_brand","embeddable":true,"href":"https:\/\/sundar.be\/fr\/wp-json\/wp\/v2\/product_brand?post=54478"},{"taxonomy":"product_cat","embeddable":true,"href":"https:\/\/sundar.be\/fr\/wp-json\/wp\/v2\/product_cat?post=54478"},{"taxonomy":"product_tag","embeddable":true,"href":"https:\/\/sundar.be\/fr\/wp-json\/wp\/v2\/product_tag?post=54478"}],"curies":[{"name":"wp","href":"https:\/\/api.w.org\/{rel}","templated":true}]}}