{"id":54475,"date":"2025-05-30T09:37:08","date_gmt":"2025-05-30T07:37:08","guid":{"rendered":"https:\/\/sundar.be\/product\/fauteuil-de-soins-hydraulique-zapristi\/"},"modified":"2025-08-04T14:59:34","modified_gmt":"2025-08-04T12:59:34","slug":"fauteuil-de-soins-hydraulique-zapristi","status":"publish","type":"product","link":"https:\/\/sundar.be\/fr\/produit\/fauteuil-de-soins-hydraulique-zapristi\/","title":{"rendered":"Fauteuil de soins hydraulique Zapristi"},"content":{"rendered":"<p>Le Zapristi apporte \u00e0 votre salon une allure tr\u00e8s professionnelle gr\u00e2ce \u00e0 sa finition et son design luxueux. Son rev\u00eatement en cuir PU blanc de haute qualit\u00e9 poss\u00e8de un doux brillant agr\u00e9able, et le matelas en mousse tr\u00e8s confortable offre au client une sensation de bien-\u00eatre suppl\u00e9mentaire. <\/p>\n<p>La console robuste est \u00e9quip\u00e9e d\u2019une pompe \u00e0 pied solide permettant de r\u00e9gler la hauteur de la table sans effort, avec ou sans client. Les parties dossier et repose-pieds se r\u00e8glent tr\u00e8s facilement. En bref, avec le Zapristi, vous disposez de tout ce que l\u2019on peut attendre d\u2019un fauteuil de soins hydraulique !  <\/p>\n<p><strong>D\u00e9tails :<\/strong><\/p>\n<ul>\n<li>Hauteur r\u00e9glable hydrauliquement avec pompe \u00e0 pied solide<\/li>\n<li>Dossier et repose-jambes r\u00e9glables manuellement<\/li>\n<li>Le corps (bodybridge) pivote \u00e0 360 degr\u00e9s autour de son axe<\/li>\n<li>Appui-t\u00eate amovible avec ouverture faciale dissimul\u00e9e (pour une position ventre confortable du client)<\/li>\n<li>Accoudoirs amovibles s\u2019adaptant automatiquement \u00e0 l\u2019inclinaison du dossier<\/li>\n<li>Rev\u00eatement en cuir PU de haute qualit\u00e9<\/li>\n<li>Matelas confortable en mousse<\/li>\n<li>Hauteur minimale : 62 cm<\/li>\n<li>Hauteur maximale : 85 cm<\/li>\n<li>Largeur : 64 cm (83 cm avec accoudoirs)<\/li>\n<li>Longueur : 185 cm<\/li>\n<li>Poids : 70 kg<\/li>\n<li>Charge maximale : 170 kg<\/li>\n<li>Garantie 1 an<\/li>\n<\/ul>\n","protected":false},"excerpt":{"rendered":"<p>Le Zapristi apporte \u00e0 votre salon une allure tr\u00e8s professionnelle gr\u00e2ce \u00e0 sa finition et son design luxueux. Son rev\u00eatement en cuir PU blanc de haute qualit\u00e9 poss\u00e8de un doux brillant agr\u00e9able, et le matelas en mousse tr\u00e8s confortable offre au client une sensation de bien-\u00eatre suppl\u00e9mentaire. La console robuste est \u00e9quip\u00e9e d\u2019une pompe \u00e0 [&hellip;]<\/p>\n","protected":false},"featured_media":53812,"comment_status":"open","ping_status":"closed","template":"","meta":{"_acf_changed":false},"product_brand":[],"product_cat":[4945,4791,4784],"product_tag":[],"class_list":{"0":"post-54475","1":"product","2":"type-product","3":"status-publish","4":"has-post-thumbnail","6":"product_cat-amenagement-institut-webshop-fr","7":"product_cat-fauteuils-soins-esthetiques","8":"product_cat-amenagement-mobilier","9":"pa_kleur-grijs","10":"pa_kleur-wit","12":"first","13":"instock","14":"taxable","15":"shipping-taxable","16":"product-type-variable"},"acf":[],"_links":{"self":[{"href":"https:\/\/sundar.be\/fr\/wp-json\/wp\/v2\/product\/54475","targetHints":{"allow":["GET"]}}],"collection":[{"href":"https:\/\/sundar.be\/fr\/wp-json\/wp\/v2\/product"}],"about":[{"href":"https:\/\/sundar.be\/fr\/wp-json\/wp\/v2\/types\/product"}],"replies":[{"embeddable":true,"href":"https:\/\/sundar.be\/fr\/wp-json\/wp\/v2\/comments?post=54475"}],"wp:featuredmedia":[{"embeddable":true,"href":"https:\/\/sundar.be\/fr\/wp-json\/wp\/v2\/media\/53812"}],"wp:attachment":[{"href":"https:\/\/sundar.be\/fr\/wp-json\/wp\/v2\/media?parent=54475"}],"wp:term":[{"taxonomy":"product_brand","embeddable":true,"href":"https:\/\/sundar.be\/fr\/wp-json\/wp\/v2\/product_brand?post=54475"},{"taxonomy":"product_cat","embeddable":true,"href":"https:\/\/sundar.be\/fr\/wp-json\/wp\/v2\/product_cat?post=54475"},{"taxonomy":"product_tag","embeddable":true,"href":"https:\/\/sundar.be\/fr\/wp-json\/wp\/v2\/product_tag?post=54475"}],"curies":[{"name":"wp","href":"https:\/\/api.w.org\/{rel}","templated":true}]}}