{"id":54470,"date":"2025-05-08T15:35:13","date_gmt":"2025-05-08T13:35:13","guid":{"rendered":"https:\/\/sundar.be\/product\/astonishing-lime-combo-quarter-moon-100-180\/"},"modified":"2025-08-04T12:41:51","modified_gmt":"2025-08-04T10:41:51","slug":"astonishing-lime-combo-quarter-moon-100-180","status":"publish","type":"product","link":"https:\/\/sundar.be\/fr\/produit\/astonishing-lime-combo-quarter-moon-100-180\/","title":{"rendered":"Astonishing Lime Combo Quarter Moon 100\/180"},"content":{"rendered":"<p>La lime combo 100\/180 Quarter Moon est id\u00e9ale. Le c\u00f4t\u00e9 100 grains est utilis\u00e9 pour enlever le produit et r\u00e9duire l\u2019exc\u00e8s, tandis que le c\u00f4t\u00e9 180 grains sert \u00e0 affiner l\u2019ongle. Gr\u00e2ce \u00e0 sa forme en demi-lune, elle permet de limer facilement pr\u00e8s des cuticules.   <\/p>\n","protected":false},"excerpt":{"rendered":"<p>La lime combo 100\/180 Quarter Moon est id\u00e9ale. Le c\u00f4t\u00e9 100 grains est utilis\u00e9 pour enlever le produit et r\u00e9duire l\u2019exc\u00e8s, tandis que le c\u00f4t\u00e9 180 grains sert \u00e0 affiner l\u2019ongle. Gr\u00e2ce \u00e0 sa forme en demi-lune, elle permet de limer facilement pr\u00e8s des cuticules.<\/p>\n","protected":false},"featured_media":49372,"comment_status":"open","ping_status":"closed","template":"","meta":{"_acf_changed":false},"product_brand":[],"product_cat":[5318,5346,5629,5630,4761],"product_tag":[],"class_list":{"0":"post-54470","1":"product","2":"type-product","3":"status-publish","4":"has-post-thumbnail","6":"product_cat-astonishing-nails-fr","7":"product_cat-astonishing-nails-limes","8":"product_cat-manucure-limes","9":"product_cat-limes-demi-lune","10":"product_cat-pose-ongles","12":"first","13":"instock","14":"taxable","15":"shipping-taxable","16":"product-type-simple"},"acf":[],"_links":{"self":[{"href":"https:\/\/sundar.be\/fr\/wp-json\/wp\/v2\/product\/54470","targetHints":{"allow":["GET"]}}],"collection":[{"href":"https:\/\/sundar.be\/fr\/wp-json\/wp\/v2\/product"}],"about":[{"href":"https:\/\/sundar.be\/fr\/wp-json\/wp\/v2\/types\/product"}],"replies":[{"embeddable":true,"href":"https:\/\/sundar.be\/fr\/wp-json\/wp\/v2\/comments?post=54470"}],"wp:featuredmedia":[{"embeddable":true,"href":"https:\/\/sundar.be\/fr\/wp-json\/wp\/v2\/media\/49372"}],"wp:attachment":[{"href":"https:\/\/sundar.be\/fr\/wp-json\/wp\/v2\/media?parent=54470"}],"wp:term":[{"taxonomy":"product_brand","embeddable":true,"href":"https:\/\/sundar.be\/fr\/wp-json\/wp\/v2\/product_brand?post=54470"},{"taxonomy":"product_cat","embeddable":true,"href":"https:\/\/sundar.be\/fr\/wp-json\/wp\/v2\/product_cat?post=54470"},{"taxonomy":"product_tag","embeddable":true,"href":"https:\/\/sundar.be\/fr\/wp-json\/wp\/v2\/product_tag?post=54470"}],"curies":[{"name":"wp","href":"https:\/\/api.w.org\/{rel}","templated":true}]}}