{"id":54468,"date":"2025-05-08T15:47:58","date_gmt":"2025-05-08T13:47:58","guid":{"rendered":"https:\/\/sundar.be\/product\/astonishing-lime-eponge-220-280\/"},"modified":"2025-08-04T12:40:22","modified_gmt":"2025-08-04T10:40:22","slug":"astonishing-lime-eponge-220-280","status":"publish","type":"product","link":"https:\/\/sundar.be\/fr\/produit\/astonishing-lime-eponge-220-280\/","title":{"rendered":"Astonishing Lime \u00c9ponge 220\/280"},"content":{"rendered":"<p>La lime 220\/280 Sponge est utilis\u00e9e apr\u00e8s le traitement, en association avec l\u2019huile Tea Tree Lemongrass, pour polir l\u2019ongle jusqu\u2019\u00e0 obtenir un brillant \u00e9lev\u00e9.<\/p>\n","protected":false},"excerpt":{"rendered":"<p>La lime 220\/280 Sponge est utilis\u00e9e apr\u00e8s le traitement, en association avec l\u2019huile Tea Tree Lemongrass, pour polir l\u2019ongle jusqu\u2019\u00e0 obtenir un brillant \u00e9lev\u00e9.<\/p>\n","protected":false},"featured_media":49383,"comment_status":"open","ping_status":"closed","template":"","meta":{"_acf_changed":false},"product_brand":[],"product_cat":[5318,5629,5346,5973,5634,4761,5802],"product_tag":[],"class_list":{"0":"post-54468","1":"product","2":"type-product","3":"status-publish","4":"has-post-thumbnail","6":"product_cat-astonishing-nails-fr","7":"product_cat-manucure-limes","8":"product_cat-astonishing-nails-limes","9":"product_cat-limes-jumbo","10":"product_cat-limes-polissoirs","11":"product_cat-pose-ongles","12":"product_cat-stylisme-ongulaire-marque","14":"first","15":"instock","16":"taxable","17":"shipping-taxable","18":"product-type-simple"},"acf":[],"_links":{"self":[{"href":"https:\/\/sundar.be\/fr\/wp-json\/wp\/v2\/product\/54468","targetHints":{"allow":["GET"]}}],"collection":[{"href":"https:\/\/sundar.be\/fr\/wp-json\/wp\/v2\/product"}],"about":[{"href":"https:\/\/sundar.be\/fr\/wp-json\/wp\/v2\/types\/product"}],"replies":[{"embeddable":true,"href":"https:\/\/sundar.be\/fr\/wp-json\/wp\/v2\/comments?post=54468"}],"wp:featuredmedia":[{"embeddable":true,"href":"https:\/\/sundar.be\/fr\/wp-json\/wp\/v2\/media\/49383"}],"wp:attachment":[{"href":"https:\/\/sundar.be\/fr\/wp-json\/wp\/v2\/media?parent=54468"}],"wp:term":[{"taxonomy":"product_brand","embeddable":true,"href":"https:\/\/sundar.be\/fr\/wp-json\/wp\/v2\/product_brand?post=54468"},{"taxonomy":"product_cat","embeddable":true,"href":"https:\/\/sundar.be\/fr\/wp-json\/wp\/v2\/product_cat?post=54468"},{"taxonomy":"product_tag","embeddable":true,"href":"https:\/\/sundar.be\/fr\/wp-json\/wp\/v2\/product_tag?post=54468"}],"curies":[{"name":"wp","href":"https:\/\/api.w.org\/{rel}","templated":true}]}}