{"id":54465,"date":"2025-05-08T15:52:50","date_gmt":"2025-05-08T13:52:50","guid":{"rendered":"https:\/\/sundar.be\/product\/astonishing-lime-buffer-combo-100-180\/"},"modified":"2025-08-04T12:34:30","modified_gmt":"2025-08-04T10:34:30","slug":"astonishing-lime-buffer-combo-100-180","status":"publish","type":"product","link":"https:\/\/sundar.be\/fr\/produit\/astonishing-lime-buffer-combo-100-180\/","title":{"rendered":"Astonishing Lime Buffer Combo 100\/180"},"content":{"rendered":"<p>La lime\/buffer combo 100\/180 est id\u00e9ale pour les traitements UV\/LED gel. Utilisez le c\u00f4t\u00e9 180 grains pour fa\u00e7onner l\u2019ongle. Avec le c\u00f4t\u00e9 buffer 100 grains, limez la surface convexe pour un rendu parfait.  <\/p>\n","protected":false},"excerpt":{"rendered":"<p>La lime\/buffer combo 100\/180 est id\u00e9ale pour les traitements UV\/LED gel. Utilisez le c\u00f4t\u00e9 180 grains pour fa\u00e7onner l\u2019ongle. Avec le c\u00f4t\u00e9 buffer 100 grains, limez la surface convexe pour un rendu parfait.<\/p>\n","protected":false},"featured_media":49393,"comment_status":"open","ping_status":"closed","template":"","meta":{"_acf_changed":false},"product_brand":[],"product_cat":[5318,5629,5346,5630,4761],"product_tag":[],"class_list":{"0":"post-54465","1":"product","2":"type-product","3":"status-publish","4":"has-post-thumbnail","6":"product_cat-astonishing-nails-fr","7":"product_cat-manucure-limes","8":"product_cat-astonishing-nails-limes","9":"product_cat-limes-demi-lune","10":"product_cat-pose-ongles","12":"first","13":"instock","14":"taxable","15":"shipping-taxable","16":"product-type-simple"},"acf":[],"_links":{"self":[{"href":"https:\/\/sundar.be\/fr\/wp-json\/wp\/v2\/product\/54465","targetHints":{"allow":["GET"]}}],"collection":[{"href":"https:\/\/sundar.be\/fr\/wp-json\/wp\/v2\/product"}],"about":[{"href":"https:\/\/sundar.be\/fr\/wp-json\/wp\/v2\/types\/product"}],"replies":[{"embeddable":true,"href":"https:\/\/sundar.be\/fr\/wp-json\/wp\/v2\/comments?post=54465"}],"wp:featuredmedia":[{"embeddable":true,"href":"https:\/\/sundar.be\/fr\/wp-json\/wp\/v2\/media\/49393"}],"wp:attachment":[{"href":"https:\/\/sundar.be\/fr\/wp-json\/wp\/v2\/media?parent=54465"}],"wp:term":[{"taxonomy":"product_brand","embeddable":true,"href":"https:\/\/sundar.be\/fr\/wp-json\/wp\/v2\/product_brand?post=54465"},{"taxonomy":"product_cat","embeddable":true,"href":"https:\/\/sundar.be\/fr\/wp-json\/wp\/v2\/product_cat?post=54465"},{"taxonomy":"product_tag","embeddable":true,"href":"https:\/\/sundar.be\/fr\/wp-json\/wp\/v2\/product_tag?post=54465"}],"curies":[{"name":"wp","href":"https:\/\/api.w.org\/{rel}","templated":true}]}}