{"id":54463,"date":"2025-05-08T15:58:30","date_gmt":"2025-05-08T13:58:30","guid":{"rendered":"https:\/\/sundar.be\/product\/astonishing-powerful-led-light-black\/"},"modified":"2025-08-04T12:34:05","modified_gmt":"2025-08-04T10:34:05","slug":"astonishing-powerful-led-light-black","status":"publish","type":"product","link":"https:\/\/sundar.be\/fr\/produit\/astonishing-powerful-led-light-black\/","title":{"rendered":"Astonishing Powerful LED Light Black"},"content":{"rendered":"<p>Cette lampe LED impressionnante est une lampe LED puissante de 36 W qui s\u00e8che les gels UV et LED en un temps tr\u00e8s court. Cette lampe offre plus de 30 000 heures de durcissement, ce qui signifie que vous n\u2019aurez jamais besoin de la remplacer ! Elle est \u00e9quip\u00e9e d\u2019une minuterie int\u00e9gr\u00e9e (10-30-60 secondes) et d\u2019une fonction de compte \u00e0 rebours automatique. Gr\u00e2ce \u00e0 sa base amovible, il est facile de faire aussi les ongles des pieds.   <\/p>\n","protected":false},"excerpt":{"rendered":"<p>Cette lampe LED impressionnante est une lampe LED puissante de 36 W qui s\u00e8che les gels UV et LED en un temps tr\u00e8s court. Cette lampe offre plus de 30 000 heures de durcissement, ce qui signifie que vous n\u2019aurez jamais besoin de la remplacer ! Elle est \u00e9quip\u00e9e d\u2019une minuterie int\u00e9gr\u00e9e (10-30-60 secondes) et [&hellip;]<\/p>\n","protected":false},"featured_media":49400,"comment_status":"open","ping_status":"closed","template":"","meta":{"_acf_changed":false},"product_brand":[],"product_cat":[4945,4769,5318,5349,1629,4972],"product_tag":[],"class_list":{"0":"post-54463","1":"product","2":"type-product","3":"status-publish","4":"has-post-thumbnail","6":"product_cat-amenagement-institut-webshop-fr","7":"product_cat-amenagement-appareils","8":"product_cat-astonishing-nails-fr","9":"product_cat-astonishing-nails-lampes-accessoires","10":"product_cat-lampes-led","11":"product_cat-nos-marques","13":"first","14":"instock","15":"taxable","16":"shipping-taxable","17":"product-type-simple"},"acf":[],"_links":{"self":[{"href":"https:\/\/sundar.be\/fr\/wp-json\/wp\/v2\/product\/54463","targetHints":{"allow":["GET"]}}],"collection":[{"href":"https:\/\/sundar.be\/fr\/wp-json\/wp\/v2\/product"}],"about":[{"href":"https:\/\/sundar.be\/fr\/wp-json\/wp\/v2\/types\/product"}],"replies":[{"embeddable":true,"href":"https:\/\/sundar.be\/fr\/wp-json\/wp\/v2\/comments?post=54463"}],"wp:featuredmedia":[{"embeddable":true,"href":"https:\/\/sundar.be\/fr\/wp-json\/wp\/v2\/media\/49400"}],"wp:attachment":[{"href":"https:\/\/sundar.be\/fr\/wp-json\/wp\/v2\/media?parent=54463"}],"wp:term":[{"taxonomy":"product_brand","embeddable":true,"href":"https:\/\/sundar.be\/fr\/wp-json\/wp\/v2\/product_brand?post=54463"},{"taxonomy":"product_cat","embeddable":true,"href":"https:\/\/sundar.be\/fr\/wp-json\/wp\/v2\/product_cat?post=54463"},{"taxonomy":"product_tag","embeddable":true,"href":"https:\/\/sundar.be\/fr\/wp-json\/wp\/v2\/product_tag?post=54463"}],"curies":[{"name":"wp","href":"https:\/\/api.w.org\/{rel}","templated":true}]}}