{"id":54456,"date":"2025-05-08T16:09:24","date_gmt":"2025-05-08T14:09:24","guid":{"rendered":"https:\/\/sundar.be\/product\/astonishing-acid-free-primer-15ml\/"},"modified":"2025-08-04T11:46:11","modified_gmt":"2025-08-04T09:46:11","slug":"astonishing-acid-free-primer-15ml","status":"publish","type":"product","link":"https:\/\/sundar.be\/fr\/produit\/astonishing-acid-free-primer-15ml\/","title":{"rendered":"Astonishing Acid Free Primer, 15ml"},"content":{"rendered":"<p>Astonishing Acid Free Primer assure une adh\u00e9rence optimale entre la plaque ongulaire et le produit. Sa formule sans acide pr\u00e9vient les dommages sur l\u2019ongle naturel et \u00e9vite \u00e9galement le d\u00e9collement.  <\/p>\n","protected":false},"excerpt":{"rendered":"<p>Astonishing Acid Free Primer assure une adh\u00e9rence optimale entre la plaque ongulaire et le produit. Sa formule sans acide pr\u00e9vient les dommages sur l\u2019ongle naturel et \u00e9vite \u00e9galement le d\u00e9collement.<\/p>\n","protected":false},"featured_media":49419,"comment_status":"open","ping_status":"closed","template":"","meta":{"_acf_changed":false},"product_brand":[],"product_cat":[5318,4761,5340],"product_tag":[],"class_list":{"0":"post-54456","1":"product","2":"type-product","3":"status-publish","4":"has-post-thumbnail","6":"product_cat-astonishing-nails-fr","7":"product_cat-pose-ongles","8":"product_cat-astonishing-nails-prep-fr","10":"first","11":"instock","12":"taxable","13":"shipping-taxable","14":"product-type-simple"},"acf":[],"_links":{"self":[{"href":"https:\/\/sundar.be\/fr\/wp-json\/wp\/v2\/product\/54456","targetHints":{"allow":["GET"]}}],"collection":[{"href":"https:\/\/sundar.be\/fr\/wp-json\/wp\/v2\/product"}],"about":[{"href":"https:\/\/sundar.be\/fr\/wp-json\/wp\/v2\/types\/product"}],"replies":[{"embeddable":true,"href":"https:\/\/sundar.be\/fr\/wp-json\/wp\/v2\/comments?post=54456"}],"wp:featuredmedia":[{"embeddable":true,"href":"https:\/\/sundar.be\/fr\/wp-json\/wp\/v2\/media\/49419"}],"wp:attachment":[{"href":"https:\/\/sundar.be\/fr\/wp-json\/wp\/v2\/media?parent=54456"}],"wp:term":[{"taxonomy":"product_brand","embeddable":true,"href":"https:\/\/sundar.be\/fr\/wp-json\/wp\/v2\/product_brand?post=54456"},{"taxonomy":"product_cat","embeddable":true,"href":"https:\/\/sundar.be\/fr\/wp-json\/wp\/v2\/product_cat?post=54456"},{"taxonomy":"product_tag","embeddable":true,"href":"https:\/\/sundar.be\/fr\/wp-json\/wp\/v2\/product_tag?post=54456"}],"curies":[{"name":"wp","href":"https:\/\/api.w.org\/{rel}","templated":true}]}}