{"id":54452,"date":"2025-05-08T16:18:54","date_gmt":"2025-05-08T14:18:54","guid":{"rendered":"https:\/\/sundar.be\/product\/astonishing-micro-styler\/"},"modified":"2025-08-04T11:46:07","modified_gmt":"2025-08-04T09:46:07","slug":"astonishing-micro-styler","status":"publish","type":"product","link":"https:\/\/sundar.be\/fr\/produit\/astonishing-micro-styler\/","title":{"rendered":"Astonishing Micro Styler"},"content":{"rendered":"<p>Les pinceaux nail art Astonishing Micro Styler sont fabriqu\u00e9s en fibres synth\u00e9tiques en nylon doux de haute qualit\u00e9. Ils sont indispensables pour chaque styliste ongulaire, avec un \u00e9quilibre parfait et une pointe fine id\u00e9ale pour tous les travaux de pr\u00e9cision. Ces pinceaux peuvent \u00eatre utilis\u00e9s pour l\u2019acrylique, l\u2019aquarelle et le gel UV\/LED Gelosophy. <\/p>\n","protected":false},"excerpt":{"rendered":"<p>Les pinceaux nail art Astonishing Micro Styler sont fabriqu\u00e9s en fibres synth\u00e9tiques en nylon doux de haute qualit\u00e9. Ils sont indispensables pour chaque styliste ongulaire, avec un \u00e9quilibre parfait et une pointe fine id\u00e9ale pour tous les travaux de pr\u00e9cision. Ces pinceaux peuvent \u00eatre utilis\u00e9s pour l\u2019acrylique, l\u2019aquarelle et le gel UV\/LED Gelosophy.<\/p>\n","protected":false},"featured_media":49438,"comment_status":"open","ping_status":"closed","template":"","meta":{"_acf_changed":false},"product_brand":[],"product_cat":[5318,5351,5010,5617,4761],"product_tag":[],"class_list":{"0":"post-54452","1":"product","2":"type-product","3":"status-publish","4":"has-post-thumbnail","6":"product_cat-astonishing-nails-fr","7":"product_cat-astonishing-nails-pinceaux","8":"product_cat-manucure-pinceaux","9":"product_cat-pinceaux-nail-art","10":"product_cat-pose-ongles","11":"pa_maat-0-fr","12":"pa_maat-00-fr","13":"pa_maat-000-fr","15":"first","16":"instock","17":"taxable","18":"shipping-taxable","19":"product-type-variable"},"acf":[],"_links":{"self":[{"href":"https:\/\/sundar.be\/fr\/wp-json\/wp\/v2\/product\/54452","targetHints":{"allow":["GET"]}}],"collection":[{"href":"https:\/\/sundar.be\/fr\/wp-json\/wp\/v2\/product"}],"about":[{"href":"https:\/\/sundar.be\/fr\/wp-json\/wp\/v2\/types\/product"}],"replies":[{"embeddable":true,"href":"https:\/\/sundar.be\/fr\/wp-json\/wp\/v2\/comments?post=54452"}],"wp:featuredmedia":[{"embeddable":true,"href":"https:\/\/sundar.be\/fr\/wp-json\/wp\/v2\/media\/49438"}],"wp:attachment":[{"href":"https:\/\/sundar.be\/fr\/wp-json\/wp\/v2\/media?parent=54452"}],"wp:term":[{"taxonomy":"product_brand","embeddable":true,"href":"https:\/\/sundar.be\/fr\/wp-json\/wp\/v2\/product_brand?post=54452"},{"taxonomy":"product_cat","embeddable":true,"href":"https:\/\/sundar.be\/fr\/wp-json\/wp\/v2\/product_cat?post=54452"},{"taxonomy":"product_tag","embeddable":true,"href":"https:\/\/sundar.be\/fr\/wp-json\/wp\/v2\/product_tag?post=54452"}],"curies":[{"name":"wp","href":"https:\/\/api.w.org\/{rel}","templated":true}]}}