{"id":54443,"date":"2025-05-16T09:19:48","date_gmt":"2025-05-16T07:19:48","guid":{"rendered":"https:\/\/sundar.be\/product\/brosse-manucure\/"},"modified":"2025-08-04T11:30:49","modified_gmt":"2025-08-04T09:30:49","slug":"brosse-manucure","status":"publish","type":"product","link":"https:\/\/sundar.be\/fr\/produit\/brosse-manucure\/","title":{"rendered":"Brosse Manucure"},"content":{"rendered":"<p>Brosse manucure disponible en plusieurs couleurs.<\/p>\n<p>Brosse synth\u00e9tique con\u00e7ue pour \u00e9liminer la poussi\u00e8re lors du soin des ongles.<\/p>\n<p>Manche long pour une meilleure prise en main, grande surface de brossage et d\u00e9sinfectable.<\/p>\n<p><strong>Disponible en :<\/strong><\/p>\n<ul>\n<li>Clear<\/li>\n<li>Clear Pink<\/li>\n<li>Clear Purple<\/li>\n<\/ul>\n","protected":false},"excerpt":{"rendered":"<p>Brosse manucure disponible en plusieurs couleurs. Brosse synth\u00e9tique con\u00e7ue pour \u00e9liminer la poussi\u00e8re lors du soin des ongles. Manche long pour une meilleure prise en main, grande surface de brossage et d\u00e9sinfectable. Disponible en : Clear Clear Pink Clear Purple<\/p>\n","protected":false},"featured_media":51136,"comment_status":"open","ping_status":"closed","template":"","meta":{"_acf_changed":false},"product_brand":[],"product_cat":[5658,5655,4761],"product_tag":[],"class_list":{"0":"post-54443","1":"product","2":"type-product","3":"status-publish","4":"has-post-thumbnail","6":"product_cat-brosses-ongles-pierre-ponce","7":"product_cat-instruments-accessoires","8":"product_cat-pose-ongles","9":"pa_kleur-clear","10":"pa_kleur-clear-pink","11":"pa_kleur-clear-purple","13":"first","14":"instock","15":"taxable","16":"shipping-taxable","17":"product-type-variable"},"acf":[],"_links":{"self":[{"href":"https:\/\/sundar.be\/fr\/wp-json\/wp\/v2\/product\/54443","targetHints":{"allow":["GET"]}}],"collection":[{"href":"https:\/\/sundar.be\/fr\/wp-json\/wp\/v2\/product"}],"about":[{"href":"https:\/\/sundar.be\/fr\/wp-json\/wp\/v2\/types\/product"}],"replies":[{"embeddable":true,"href":"https:\/\/sundar.be\/fr\/wp-json\/wp\/v2\/comments?post=54443"}],"wp:featuredmedia":[{"embeddable":true,"href":"https:\/\/sundar.be\/fr\/wp-json\/wp\/v2\/media\/51136"}],"wp:attachment":[{"href":"https:\/\/sundar.be\/fr\/wp-json\/wp\/v2\/media?parent=54443"}],"wp:term":[{"taxonomy":"product_brand","embeddable":true,"href":"https:\/\/sundar.be\/fr\/wp-json\/wp\/v2\/product_brand?post=54443"},{"taxonomy":"product_cat","embeddable":true,"href":"https:\/\/sundar.be\/fr\/wp-json\/wp\/v2\/product_cat?post=54443"},{"taxonomy":"product_tag","embeddable":true,"href":"https:\/\/sundar.be\/fr\/wp-json\/wp\/v2\/product_tag?post=54443"}],"curies":[{"name":"wp","href":"https:\/\/api.w.org\/{rel}","templated":true}]}}