{"id":54442,"date":"2025-05-16T09:21:26","date_gmt":"2025-05-16T07:21:26","guid":{"rendered":"https:\/\/sundar.be\/product\/brosse-a-ongles-en-nylon\/"},"modified":"2025-08-04T11:28:51","modified_gmt":"2025-08-04T09:28:51","slug":"brosse-a-ongles-en-nylon","status":"publish","type":"product","link":"https:\/\/sundar.be\/fr\/produit\/brosse-a-ongles-en-nylon\/","title":{"rendered":"Brosse \u00e0 ongles en nylon"},"content":{"rendered":"<p>Brosse \u00e0 ongles avec poign\u00e9e en plastique<br \/>\nEnviron 10 cm.<\/p>\n","protected":false},"excerpt":{"rendered":"<p>Brosse \u00e0 ongles avec poign\u00e9e en plastique Environ 10 cm.<\/p>\n","protected":false},"featured_media":51139,"comment_status":"open","ping_status":"closed","template":"","meta":{"_acf_changed":false},"product_brand":[],"product_cat":[5658,5655,4761],"product_tag":[],"class_list":{"0":"post-54442","1":"product","2":"type-product","3":"status-publish","4":"has-post-thumbnail","6":"product_cat-brosses-ongles-pierre-ponce","7":"product_cat-instruments-accessoires","8":"product_cat-pose-ongles","10":"first","11":"instock","12":"taxable","13":"shipping-taxable","14":"product-type-simple"},"acf":[],"_links":{"self":[{"href":"https:\/\/sundar.be\/fr\/wp-json\/wp\/v2\/product\/54442","targetHints":{"allow":["GET"]}}],"collection":[{"href":"https:\/\/sundar.be\/fr\/wp-json\/wp\/v2\/product"}],"about":[{"href":"https:\/\/sundar.be\/fr\/wp-json\/wp\/v2\/types\/product"}],"replies":[{"embeddable":true,"href":"https:\/\/sundar.be\/fr\/wp-json\/wp\/v2\/comments?post=54442"}],"wp:featuredmedia":[{"embeddable":true,"href":"https:\/\/sundar.be\/fr\/wp-json\/wp\/v2\/media\/51139"}],"wp:attachment":[{"href":"https:\/\/sundar.be\/fr\/wp-json\/wp\/v2\/media?parent=54442"}],"wp:term":[{"taxonomy":"product_brand","embeddable":true,"href":"https:\/\/sundar.be\/fr\/wp-json\/wp\/v2\/product_brand?post=54442"},{"taxonomy":"product_cat","embeddable":true,"href":"https:\/\/sundar.be\/fr\/wp-json\/wp\/v2\/product_cat?post=54442"},{"taxonomy":"product_tag","embeddable":true,"href":"https:\/\/sundar.be\/fr\/wp-json\/wp\/v2\/product_tag?post=54442"}],"curies":[{"name":"wp","href":"https:\/\/api.w.org\/{rel}","templated":true}]}}