{"id":54440,"date":"2025-05-16T09:25:47","date_gmt":"2025-05-16T07:25:47","guid":{"rendered":"https:\/\/sundar.be\/product\/brosse-a-ongles-avec-poignee\/"},"modified":"2025-08-04T11:27:27","modified_gmt":"2025-08-04T09:27:27","slug":"brosse-a-ongles-avec-poignee","status":"publish","type":"product","link":"https:\/\/sundar.be\/fr\/produit\/brosse-a-ongles-avec-poignee\/","title":{"rendered":"Brosse \u00e0 ongles avec poign\u00e9e"},"content":{"rendered":"<p>Brosse l\u00e9g\u00e8re en plastique dot\u00e9e d\u2019une forme ergonomique pratique.<\/p>\n","protected":false},"excerpt":{"rendered":"<p>Brosse l\u00e9g\u00e8re en plastique dot\u00e9e d\u2019une forme ergonomique pratique.<\/p>\n","protected":false},"featured_media":51149,"comment_status":"open","ping_status":"closed","template":"","meta":{"_acf_changed":false},"product_brand":[],"product_cat":[5658,5655,4761],"product_tag":[],"class_list":{"0":"post-54440","1":"product","2":"type-product","3":"status-publish","4":"has-post-thumbnail","6":"product_cat-brosses-ongles-pierre-ponce","7":"product_cat-instruments-accessoires","8":"product_cat-pose-ongles","10":"first","11":"instock","12":"taxable","13":"shipping-taxable","14":"product-type-simple"},"acf":[],"_links":{"self":[{"href":"https:\/\/sundar.be\/fr\/wp-json\/wp\/v2\/product\/54440","targetHints":{"allow":["GET"]}}],"collection":[{"href":"https:\/\/sundar.be\/fr\/wp-json\/wp\/v2\/product"}],"about":[{"href":"https:\/\/sundar.be\/fr\/wp-json\/wp\/v2\/types\/product"}],"replies":[{"embeddable":true,"href":"https:\/\/sundar.be\/fr\/wp-json\/wp\/v2\/comments?post=54440"}],"wp:featuredmedia":[{"embeddable":true,"href":"https:\/\/sundar.be\/fr\/wp-json\/wp\/v2\/media\/51149"}],"wp:attachment":[{"href":"https:\/\/sundar.be\/fr\/wp-json\/wp\/v2\/media?parent=54440"}],"wp:term":[{"taxonomy":"product_brand","embeddable":true,"href":"https:\/\/sundar.be\/fr\/wp-json\/wp\/v2\/product_brand?post=54440"},{"taxonomy":"product_cat","embeddable":true,"href":"https:\/\/sundar.be\/fr\/wp-json\/wp\/v2\/product_cat?post=54440"},{"taxonomy":"product_tag","embeddable":true,"href":"https:\/\/sundar.be\/fr\/wp-json\/wp\/v2\/product_tag?post=54440"}],"curies":[{"name":"wp","href":"https:\/\/api.w.org\/{rel}","templated":true}]}}