{"id":54438,"date":"2025-05-16T09:44:35","date_gmt":"2025-05-16T07:44:35","guid":{"rendered":"https:\/\/sundar.be\/product\/brosse-manucure-douce\/"},"modified":"2025-08-04T11:26:01","modified_gmt":"2025-08-04T09:26:01","slug":"brosse-manucure-douce","status":"publish","type":"product","link":"https:\/\/sundar.be\/fr\/produit\/brosse-manucure-douce\/","title":{"rendered":"Brosse Manucure Douce"},"content":{"rendered":"<p>Pratique pour \u00e9liminer la poussi\u00e8re des doigts et des ongles. Les poils de la brosse sont en nylon doux et offrent une sensation plus agr\u00e9able que les brosses ordinaires. <\/p>\n","protected":false},"excerpt":{"rendered":"<p>Pratique pour \u00e9liminer la poussi\u00e8re des doigts et des ongles. Les poils de la brosse sont en nylon doux et offrent une sensation plus agr\u00e9able que les brosses ordinaires.<\/p>\n","protected":false},"featured_media":51152,"comment_status":"open","ping_status":"closed","template":"","meta":{"_acf_changed":false},"product_brand":[],"product_cat":[5658,5655,4761],"product_tag":[],"class_list":{"0":"post-54438","1":"product","2":"type-product","3":"status-publish","4":"has-post-thumbnail","6":"product_cat-brosses-ongles-pierre-ponce","7":"product_cat-instruments-accessoires","8":"product_cat-pose-ongles","10":"first","11":"instock","12":"taxable","13":"shipping-taxable","14":"product-type-simple"},"acf":[],"_links":{"self":[{"href":"https:\/\/sundar.be\/fr\/wp-json\/wp\/v2\/product\/54438","targetHints":{"allow":["GET"]}}],"collection":[{"href":"https:\/\/sundar.be\/fr\/wp-json\/wp\/v2\/product"}],"about":[{"href":"https:\/\/sundar.be\/fr\/wp-json\/wp\/v2\/types\/product"}],"replies":[{"embeddable":true,"href":"https:\/\/sundar.be\/fr\/wp-json\/wp\/v2\/comments?post=54438"}],"wp:featuredmedia":[{"embeddable":true,"href":"https:\/\/sundar.be\/fr\/wp-json\/wp\/v2\/media\/51152"}],"wp:attachment":[{"href":"https:\/\/sundar.be\/fr\/wp-json\/wp\/v2\/media?parent=54438"}],"wp:term":[{"taxonomy":"product_brand","embeddable":true,"href":"https:\/\/sundar.be\/fr\/wp-json\/wp\/v2\/product_brand?post=54438"},{"taxonomy":"product_cat","embeddable":true,"href":"https:\/\/sundar.be\/fr\/wp-json\/wp\/v2\/product_cat?post=54438"},{"taxonomy":"product_tag","embeddable":true,"href":"https:\/\/sundar.be\/fr\/wp-json\/wp\/v2\/product_tag?post=54438"}],"curies":[{"name":"wp","href":"https:\/\/api.w.org\/{rel}","templated":true}]}}