{"id":54435,"date":"2025-05-22T09:36:17","date_gmt":"2025-05-22T07:36:17","guid":{"rendered":"https:\/\/sundar.be\/product\/table-de-massage-pro-light\/"},"modified":"2025-08-04T11:24:09","modified_gmt":"2025-08-04T09:24:09","slug":"table-de-massage-pro-light","status":"publish","type":"product","link":"https:\/\/sundar.be\/fr\/produit\/table-de-massage-pro-light\/","title":{"rendered":"Table de Massage Pro Light"},"content":{"rendered":"<p>La table de massage Comfort Pro Light est disponible en cr\u00e8me, noir et brun. Elle regroupe toutes les fonctionnalit\u00e9s qu\u2019un mod\u00e8le valise peut offrir : un dossier et un appuie-t\u00eate r\u00e9glables, deux repose-bras lat\u00e9raux et une \u00e9lingue pour bras. La table est \u00e9galement r\u00e9glable en hauteur. La Pro Light se distingue par un confort d\u2019allongement exceptionnel et est \u00e9quip\u00e9e de cuir Strong-Plus.   <\/p>\n<p>Avec sa hauteur maximale de 84 cm, elle r\u00e9pond largement aux exigences physiques des masseurs de grande taille. Le dossier r\u00e9glable est un \u00e9l\u00e9ment indispensable pour toute table de massage. Il s\u2019incline jusqu\u2019\u00e0 80 degr\u00e9s au lieu de 45, permettant \u00e0 vos clients de s\u2019asseoir bien droit sans glisser vers l\u2019avant.  <\/p>\n<p>Tous les accessoires, y compris l\u2019huile de massage et les serviettes, se rangent facilement dans ce mod\u00e8le compact en forme de valise. La Pro Light est \u00e9galement \u00e9quip\u00e9e d\u2019une poign\u00e9e robuste et v\u00e9ritable, et non d\u2019une sangle en cuir perfor\u00e9 fragile. <\/p>\n<p>La table est tr\u00e8s stable sur ses pieds, \u00e9liminant ainsi le fameux \u00ab balancement \u00bb que l\u2019on retrouve souvent sur les mod\u00e8les bon march\u00e9. Votre \u00e9nergie de massage est ainsi enti\u00e8rement transmise au client, ce qui vous permet \u00e9galement de pr\u00e9server vos \u00e9paules et le bas de votre dos. Le plateau sous le matelas est en contreplaqu\u00e9 solide et non en panneau rigide avec latte, comme c\u2019est souvent le cas sur les tables bon march\u00e9 ! Cela rend la table un peu plus lourde, mais vous \u00eates assur\u00e9 que vos clients ne s\u2019enfoncent pas.    <\/p>\n<p>Nouvelle fonctionnalit\u00e9 : l\u2019appuie-t\u00eate peut maintenant \u00eatre clips\u00e9 dans le dossier, offrant \u00e0 votre client un soutien confortable de la t\u00eate lorsqu\u2019il est assis droit.<\/p>\n<p><strong>D\u00c9TAILS:<\/strong><\/p>\n<ul>\n<li>Longueur de la table : 195 cm, avec appui-t\u00eate r\u00e9glable : 225 cm<\/li>\n<li>Largeur de la table : 70 cm, avec repose-bras : 92 cm<\/li>\n<li>Format transport en valise : 95 x 70 x 21 cm<\/li>\n<li>Hauteur r\u00e9glable de 70 \u00e0 84 cm<\/li>\n<li>Dossier r\u00e9glable jusqu\u2019\u00e0 80 degr\u00e9s<\/li>\n<li>Cuir r\u00e9sistant \u00e0 l\u2019eau et \u00e0 l\u2019huile<\/li>\n<li>Matelas confortable de 4,6 cm<\/li>\n<li>Structure en bois massif sans n\u0153uds<\/li>\n<li>Pieds avec patins anti-rayures (adapt\u00e9s aux parquets, etc.)<\/li>\n<li>D\u00e9coupe suppl\u00e9mentaire pour le visage dans la table, avec bouchon prot\u00e9g\u00e9 contre l\u2019enfoncement.<\/li>\n<li>Pr\u00eate \u00e0 l\u2019emploi rapidement et facilement (30 secondes).<\/li>\n<li>Charge statique et dynamique jusqu\u2019\u00e0 125 et 250 kg respectivement.<\/li>\n<li>Poids total, accessoires inclus : 18 kg.<\/li>\n<li>Tous les accessoires inclus dans le prix (2 repose-bras, appui-t\u00eate r\u00e9glable, \u00e9lingue pour bras et sac de transport).<\/li>\n<\/ul>\n","protected":false},"excerpt":{"rendered":"<p>La table de massage Comfort Pro Light est disponible en cr\u00e8me, noir et brun. Elle regroupe toutes les fonctionnalit\u00e9s qu\u2019un mod\u00e8le valise peut offrir : un dossier et un appuie-t\u00eate r\u00e9glables, deux repose-bras lat\u00e9raux et une \u00e9lingue pour bras. La table est \u00e9galement r\u00e9glable en hauteur. La Pro Light se distingue par un confort d\u2019allongement [&hellip;]<\/p>\n","protected":false},"featured_media":51512,"comment_status":"open","ping_status":"closed","template":"","meta":{"_acf_changed":false},"product_brand":[],"product_cat":[4223,5694],"product_tag":[],"class_list":{"0":"post-54435","1":"product","2":"type-product","3":"status-publish","4":"has-post-thumbnail","6":"product_cat-massage-fr-webshop-fr","7":"product_cat-tables-de-massage","8":"pa_kleur-creme","9":"pa_kleur-diamond-black","11":"first","12":"instock","13":"taxable","14":"shipping-taxable","15":"product-type-variable"},"acf":[],"_links":{"self":[{"href":"https:\/\/sundar.be\/fr\/wp-json\/wp\/v2\/product\/54435","targetHints":{"allow":["GET"]}}],"collection":[{"href":"https:\/\/sundar.be\/fr\/wp-json\/wp\/v2\/product"}],"about":[{"href":"https:\/\/sundar.be\/fr\/wp-json\/wp\/v2\/types\/product"}],"replies":[{"embeddable":true,"href":"https:\/\/sundar.be\/fr\/wp-json\/wp\/v2\/comments?post=54435"}],"wp:featuredmedia":[{"embeddable":true,"href":"https:\/\/sundar.be\/fr\/wp-json\/wp\/v2\/media\/51512"}],"wp:attachment":[{"href":"https:\/\/sundar.be\/fr\/wp-json\/wp\/v2\/media?parent=54435"}],"wp:term":[{"taxonomy":"product_brand","embeddable":true,"href":"https:\/\/sundar.be\/fr\/wp-json\/wp\/v2\/product_brand?post=54435"},{"taxonomy":"product_cat","embeddable":true,"href":"https:\/\/sundar.be\/fr\/wp-json\/wp\/v2\/product_cat?post=54435"},{"taxonomy":"product_tag","embeddable":true,"href":"https:\/\/sundar.be\/fr\/wp-json\/wp\/v2\/product_tag?post=54435"}],"curies":[{"name":"wp","href":"https:\/\/api.w.org\/{rel}","templated":true}]}}