{"id":54432,"date":"2025-05-22T09:38:58","date_gmt":"2025-05-22T07:38:58","guid":{"rendered":"https:\/\/sundar.be\/product\/table-de-massage-comfort-pro-easy\/"},"modified":"2025-08-04T11:20:44","modified_gmt":"2025-08-04T09:20:44","slug":"table-de-massage-comfort-pro-easy","status":"publish","type":"product","link":"https:\/\/sundar.be\/fr\/produit\/table-de-massage-comfort-pro-easy\/","title":{"rendered":"Table de massage Comfort Pro Easy"},"content":{"rendered":"<p>La table de massage Comfort Pro Easy est disponible en cr\u00e8me, noir, bleu, rose et brun. Ses coins arrondis favorisent une meilleure accessibilit\u00e9 pendant le massage. De plus, gr\u00e2ce \u00e0 ses courbes, vous pouvez facilement circuler autour de la table, ce qui est un avantage suppl\u00e9mentaire dans les petits espaces. La Comfort Pro Easy se distingue par son matelas confortable et son cuir PU de haute qualit\u00e9. Avec une hauteur maximale de 84 cm, elle r\u00e9pond largement aux exigences physiques des masseurs grands ou de grande taille. Le dossier r\u00e9glable est \u00e9galement un incontournable pour toute table de massage.    <\/p>\n<p>Tous les accessoires, y compris l\u2019huile de massage et les serviettes, se rangent facilement dans ce mod\u00e8le compact en forme de valise.<\/p>\n<p>La table est tr\u00e8s stable sur ses pieds, \u00e9liminant ainsi le fameux \u00ab balancement \u00bb que l\u2019on rencontre souvent sur les mod\u00e8les bon march\u00e9. Votre \u00e9nergie de massage est ainsi enti\u00e8rement transmise \u00e0 votre client, ce qui vous permet aussi de pr\u00e9server vos \u00e9paules et le bas de votre dos.   <\/p>\n<p>Le plateau sous le matelas est en contreplaqu\u00e9 solide et non en panneau rigide avec une latte ! Cela rend la table un peu plus lourde, mais garantit que vos clients ne s\u2019enfoncent pas. <\/p>\n<p><strong>D\u00c9TAILS:<\/strong><\/p>\n<ul>\n<li>Longueur de la table : 192 cm, avec appui-t\u00eate r\u00e9glable : 220 cm<\/li>\n<li>Largeur de la table : 70 cm, avec repose-bras : 95 cm<\/li>\n<li>Format transport en valise : 100 x 70 x 20 cm<\/li>\n<li>Hauteur r\u00e9glable de 62 \u00e0 84 cm<\/li>\n<li>Cuir r\u00e9sistant \u00e0 l\u2019eau et \u00e0 l\u2019huile<\/li>\n<li>Matelas en mousse de 4 cm<\/li>\n<li>Structure en bois massif sans n\u0153uds<\/li>\n<li>Pieds \u00e9quip\u00e9s de patins anti-rayures (adapt\u00e9s aux parquets, etc.)<\/li>\n<li>D\u00e9coupe suppl\u00e9mentaire pour le visage, avec bouchon prot\u00e9g\u00e9 contre l\u2019enfoncement<\/li>\n<li>Appui-t\u00eate r\u00e9glable pouvant \u00eatre plac\u00e9 des deux c\u00f4t\u00e9s de la table<\/li>\n<li>Mise en service rapide et facile (30 secondes)<\/li>\n<li>Charge statique et dynamique jusqu\u2019\u00e0 250 kg<\/li>\n<li>Poids total, accessoires inclus : 19 kg<\/li>\n<li>Tous les accessoires inclus : 2 repose-bras, appui-t\u00eate r\u00e9glable, \u00e9lingue pour bras et sac de transport<\/li>\n<\/ul>\n","protected":false},"excerpt":{"rendered":"<p>La table de massage Comfort Pro Easy est disponible en cr\u00e8me, noir, bleu, rose et brun. Ses coins arrondis favorisent une meilleure accessibilit\u00e9 pendant le massage. De plus, gr\u00e2ce \u00e0 ses courbes, vous pouvez facilement circuler autour de la table, ce qui est un avantage suppl\u00e9mentaire dans les petits espaces. La Comfort Pro Easy se [&hellip;]<\/p>\n","protected":false},"featured_media":51521,"comment_status":"open","ping_status":"closed","template":"","meta":{"_acf_changed":false},"product_brand":[],"product_cat":[4223,5694],"product_tag":[],"class_list":{"0":"post-54432","1":"product","2":"type-product","3":"status-publish","4":"has-post-thumbnail","6":"product_cat-massage-fr-webshop-fr","7":"product_cat-tables-de-massage","8":"pa_kleur-diamond-black","9":"pa_kleur-romy-blanche","11":"first","12":"instock","13":"taxable","14":"shipping-taxable","15":"product-type-variable"},"acf":[],"_links":{"self":[{"href":"https:\/\/sundar.be\/fr\/wp-json\/wp\/v2\/product\/54432","targetHints":{"allow":["GET"]}}],"collection":[{"href":"https:\/\/sundar.be\/fr\/wp-json\/wp\/v2\/product"}],"about":[{"href":"https:\/\/sundar.be\/fr\/wp-json\/wp\/v2\/types\/product"}],"replies":[{"embeddable":true,"href":"https:\/\/sundar.be\/fr\/wp-json\/wp\/v2\/comments?post=54432"}],"wp:featuredmedia":[{"embeddable":true,"href":"https:\/\/sundar.be\/fr\/wp-json\/wp\/v2\/media\/51521"}],"wp:attachment":[{"href":"https:\/\/sundar.be\/fr\/wp-json\/wp\/v2\/media?parent=54432"}],"wp:term":[{"taxonomy":"product_brand","embeddable":true,"href":"https:\/\/sundar.be\/fr\/wp-json\/wp\/v2\/product_brand?post=54432"},{"taxonomy":"product_cat","embeddable":true,"href":"https:\/\/sundar.be\/fr\/wp-json\/wp\/v2\/product_cat?post=54432"},{"taxonomy":"product_tag","embeddable":true,"href":"https:\/\/sundar.be\/fr\/wp-json\/wp\/v2\/product_tag?post=54432"}],"curies":[{"name":"wp","href":"https:\/\/api.w.org\/{rel}","templated":true}]}}