{"id":54431,"date":"2025-05-22T09:41:00","date_gmt":"2025-05-22T07:41:00","guid":{"rendered":"https:\/\/sundar.be\/product\/table-de-massage-pliable-esthetica\/"},"modified":"2025-08-04T11:05:08","modified_gmt":"2025-08-04T09:05:08","slug":"table-de-massage-pliable-esthetica","status":"publish","type":"product","link":"https:\/\/sundar.be\/fr\/produit\/table-de-massage-pliable-esthetica\/","title":{"rendered":"Table de massage pliable Esthetica"},"content":{"rendered":"<p>LIGHT &amp; ROLL<br \/>\nLit professionnel pour soins esth\u00e9tiques avec partie visage amovible. Sa construction l\u00e9g\u00e8re mais solide est pratique et facile \u00e0 manipuler. Livr\u00e9 avec un sac de transport \u00e0 roulettes.  <\/p>\n<ul>\n<li>Peu importe le nombre de fois o\u00f9 le lit est pli\u00e9, d\u00e9pli\u00e9 et transport\u00e9, il reste en excellent \u00e9tat gr\u00e2ce aux protections d\u2019angle.<\/li>\n<li>Les pieds en acier chrom\u00e9 sont r\u00e9glables en hauteur, de 66 \u00e0 83 cm, vous permettant d\u2019adapter le lit \u00e0 votre taille pour un confort optimal lors du travail. <\/li>\n<\/ul>\n<p>Dimensions : 190 cm de longueur x 65 cm de largeur.<\/p>\n","protected":false},"excerpt":{"rendered":"<p>LIGHT &amp; ROLL Lit professionnel pour soins esth\u00e9tiques avec partie visage amovible. Sa construction l\u00e9g\u00e8re mais solide est pratique et facile \u00e0 manipuler. Livr\u00e9 avec un sac de transport \u00e0 roulettes. Peu importe le nombre de fois o\u00f9 le lit est pli\u00e9, d\u00e9pli\u00e9 et transport\u00e9, il reste en excellent \u00e9tat gr\u00e2ce aux protections d\u2019angle. Les [&hellip;]<\/p>\n","protected":false},"featured_media":51526,"comment_status":"open","ping_status":"closed","template":"","meta":{"_acf_changed":false},"product_brand":[],"product_cat":[4223,5694],"product_tag":[],"class_list":{"0":"post-54431","1":"product","2":"type-product","3":"status-publish","4":"has-post-thumbnail","6":"product_cat-massage-fr-webshop-fr","7":"product_cat-tables-de-massage","9":"first","10":"instock","11":"taxable","12":"shipping-taxable","13":"product-type-simple"},"acf":[],"_links":{"self":[{"href":"https:\/\/sundar.be\/fr\/wp-json\/wp\/v2\/product\/54431","targetHints":{"allow":["GET"]}}],"collection":[{"href":"https:\/\/sundar.be\/fr\/wp-json\/wp\/v2\/product"}],"about":[{"href":"https:\/\/sundar.be\/fr\/wp-json\/wp\/v2\/types\/product"}],"replies":[{"embeddable":true,"href":"https:\/\/sundar.be\/fr\/wp-json\/wp\/v2\/comments?post=54431"}],"wp:featuredmedia":[{"embeddable":true,"href":"https:\/\/sundar.be\/fr\/wp-json\/wp\/v2\/media\/51526"}],"wp:attachment":[{"href":"https:\/\/sundar.be\/fr\/wp-json\/wp\/v2\/media?parent=54431"}],"wp:term":[{"taxonomy":"product_brand","embeddable":true,"href":"https:\/\/sundar.be\/fr\/wp-json\/wp\/v2\/product_brand?post=54431"},{"taxonomy":"product_cat","embeddable":true,"href":"https:\/\/sundar.be\/fr\/wp-json\/wp\/v2\/product_cat?post=54431"},{"taxonomy":"product_tag","embeddable":true,"href":"https:\/\/sundar.be\/fr\/wp-json\/wp\/v2\/product_tag?post=54431"}],"curies":[{"name":"wp","href":"https:\/\/api.w.org\/{rel}","templated":true}]}}