{"id":54430,"date":"2025-05-22T09:53:49","date_gmt":"2025-05-22T07:53:49","guid":{"rendered":"https:\/\/sundar.be\/product\/rafael-table-de-massage-portable\/"},"modified":"2025-08-04T11:02:56","modified_gmt":"2025-08-04T09:02:56","slug":"rafael-table-de-massage-portable","status":"publish","type":"product","link":"https:\/\/sundar.be\/fr\/produit\/rafael-table-de-massage-portable\/","title":{"rendered":"Rafael Table de Massage Portable"},"content":{"rendered":"<p>Table de massage portable avec matelas \u00e9pais (6,3 cm) et coins arrondis. Finition avec c\u00e2bles Shiatsu et fabrication en h\u00eatre europ\u00e9en laqu\u00e9. Sac de transport inclus.  <\/p>\n<ul>\n<li>Coins arrondis avec renforts suppl\u00e9mentaires pour une protection optimale lors de chaque transport.<\/li>\n<li>Se plie en quelques secondes. Verrous en bronze. <\/li>\n<li>Appuie-t\u00eate r\u00e9glable et repose-bras extra large et luxueux inclus.<\/li>\n<\/ul>\n<p>Garantie de 5 ans.<\/p>\n","protected":false},"excerpt":{"rendered":"<p>Table de massage portable avec matelas \u00e9pais (6,3 cm) et coins arrondis. Finition avec c\u00e2bles Shiatsu et fabrication en h\u00eatre europ\u00e9en laqu\u00e9. Sac de transport inclus. Coins arrondis avec renforts suppl\u00e9mentaires pour une protection optimale lors de chaque transport. Se plie en quelques secondes. Verrous en bronze. Appuie-t\u00eate r\u00e9glable et repose-bras extra large et luxueux [&hellip;]<\/p>\n","protected":false},"featured_media":51529,"comment_status":"open","ping_status":"closed","template":"","meta":{"_acf_changed":false},"product_brand":[],"product_cat":[4223,5694],"product_tag":[],"class_list":{"0":"post-54430","1":"product","2":"type-product","3":"status-publish","4":"has-post-thumbnail","6":"product_cat-massage-fr-webshop-fr","7":"product_cat-tables-de-massage","9":"first","10":"instock","11":"taxable","12":"shipping-taxable","13":"product-type-simple"},"acf":[],"_links":{"self":[{"href":"https:\/\/sundar.be\/fr\/wp-json\/wp\/v2\/product\/54430","targetHints":{"allow":["GET"]}}],"collection":[{"href":"https:\/\/sundar.be\/fr\/wp-json\/wp\/v2\/product"}],"about":[{"href":"https:\/\/sundar.be\/fr\/wp-json\/wp\/v2\/types\/product"}],"replies":[{"embeddable":true,"href":"https:\/\/sundar.be\/fr\/wp-json\/wp\/v2\/comments?post=54430"}],"wp:featuredmedia":[{"embeddable":true,"href":"https:\/\/sundar.be\/fr\/wp-json\/wp\/v2\/media\/51529"}],"wp:attachment":[{"href":"https:\/\/sundar.be\/fr\/wp-json\/wp\/v2\/media?parent=54430"}],"wp:term":[{"taxonomy":"product_brand","embeddable":true,"href":"https:\/\/sundar.be\/fr\/wp-json\/wp\/v2\/product_brand?post=54430"},{"taxonomy":"product_cat","embeddable":true,"href":"https:\/\/sundar.be\/fr\/wp-json\/wp\/v2\/product_cat?post=54430"},{"taxonomy":"product_tag","embeddable":true,"href":"https:\/\/sundar.be\/fr\/wp-json\/wp\/v2\/product_tag?post=54430"}],"curies":[{"name":"wp","href":"https:\/\/api.w.org\/{rel}","templated":true}]}}