{"id":54429,"date":"2025-05-22T10:00:10","date_gmt":"2025-05-22T08:00:10","guid":{"rendered":"https:\/\/sundar.be\/product\/fauteuil-de-massage-relax\/"},"modified":"2025-08-04T11:01:45","modified_gmt":"2025-08-04T09:01:45","slug":"fauteuil-de-massage-relax","status":"publish","type":"product","link":"https:\/\/sundar.be\/fr\/produit\/fauteuil-de-massage-relax\/","title":{"rendered":"Fauteuil de massage Relax"},"content":{"rendered":"<p>Le Relax offre toutes les options n\u00e9cessaires pour positionner votre client dans la posture la plus id\u00e9ale et confortable. L\u2019appuie-t\u00eate, les repose-bras, l\u2019assise et la plaque thoracique sont tr\u00e8s faciles \u00e0 r\u00e9gler (et s\u00e9par\u00e9ment !) gr\u00e2ce au syst\u00e8me \u00e0 clip rapide. Et peut-\u00eatre encore plus important : vous pouvez r\u00e9gler le Relax \u00e0 la hauteur de travail qui vous convient le mieux. Le Relax est con\u00e7u pour un usage intensif et garantit des ann\u00e9es de plaisir.   <\/p>\n<p>Le fauteuil de massage Relax est livr\u00e9 avec un sac de transport pratique.<\/p>\n<p><strong>D\u00c9TAILS:<\/strong><\/p>\n<ul>\n<li>Poids : 9 kg<\/li>\n<li>Dimensions : L80 x l58 x H125 cm<\/li>\n<li>Tous les points de contact sont r\u00e9glables<\/li>\n<li>Matelas confortable<\/li>\n<li>Cuir PU extra doux<\/li>\n<li>Charge maximale : 130 kg<\/li>\n<\/ul>\n","protected":false},"excerpt":{"rendered":"<p>Le Relax offre toutes les options n\u00e9cessaires pour positionner votre client dans la posture la plus id\u00e9ale et confortable. L\u2019appuie-t\u00eate, les repose-bras, l\u2019assise et la plaque thoracique sont tr\u00e8s faciles \u00e0 r\u00e9gler (et s\u00e9par\u00e9ment !) gr\u00e2ce au syst\u00e8me \u00e0 clip rapide. Et peut-\u00eatre encore plus important : vous pouvez r\u00e9gler le Relax \u00e0 la hauteur [&hellip;]<\/p>\n","protected":false},"featured_media":51539,"comment_status":"open","ping_status":"closed","template":"","meta":{"_acf_changed":false},"product_brand":[],"product_cat":[4223,5694],"product_tag":[],"class_list":{"0":"post-54429","1":"product","2":"type-product","3":"status-publish","4":"has-post-thumbnail","6":"product_cat-massage-fr-webshop-fr","7":"product_cat-tables-de-massage","9":"first","10":"instock","11":"taxable","12":"shipping-taxable","13":"product-type-simple"},"acf":[],"_links":{"self":[{"href":"https:\/\/sundar.be\/fr\/wp-json\/wp\/v2\/product\/54429","targetHints":{"allow":["GET"]}}],"collection":[{"href":"https:\/\/sundar.be\/fr\/wp-json\/wp\/v2\/product"}],"about":[{"href":"https:\/\/sundar.be\/fr\/wp-json\/wp\/v2\/types\/product"}],"replies":[{"embeddable":true,"href":"https:\/\/sundar.be\/fr\/wp-json\/wp\/v2\/comments?post=54429"}],"wp:featuredmedia":[{"embeddable":true,"href":"https:\/\/sundar.be\/fr\/wp-json\/wp\/v2\/media\/51539"}],"wp:attachment":[{"href":"https:\/\/sundar.be\/fr\/wp-json\/wp\/v2\/media?parent=54429"}],"wp:term":[{"taxonomy":"product_brand","embeddable":true,"href":"https:\/\/sundar.be\/fr\/wp-json\/wp\/v2\/product_brand?post=54429"},{"taxonomy":"product_cat","embeddable":true,"href":"https:\/\/sundar.be\/fr\/wp-json\/wp\/v2\/product_cat?post=54429"},{"taxonomy":"product_tag","embeddable":true,"href":"https:\/\/sundar.be\/fr\/wp-json\/wp\/v2\/product_tag?post=54429"}],"curies":[{"name":"wp","href":"https:\/\/api.w.org\/{rel}","templated":true}]}}