{"id":54428,"date":"2025-05-22T09:55:58","date_gmt":"2025-05-22T07:55:58","guid":{"rendered":"https:\/\/sundar.be\/product\/lit-de-massage-zen-ii-avec-marchepied\/"},"modified":"2025-08-04T11:01:42","modified_gmt":"2025-08-04T09:01:42","slug":"lit-de-massage-zen-ii-avec-marchepied","status":"publish","type":"product","link":"https:\/\/sundar.be\/fr\/produit\/lit-de-massage-zen-ii-avec-marchepied\/","title":{"rendered":"Lit de massage ZEN II avec marchepied"},"content":{"rendered":"<p>Ce lit de massage en bois fonc\u00e9 est r\u00e9glable en hauteur. Il dispose d\u2019un matelas d\u2019une \u00e9paisseur suppl\u00e9mentaire avec un coussin pour le visage. Le dossier est r\u00e9glable manuellement et deux tiroirs de rangement se trouvent sous le lit. Le lit est livr\u00e9 avec un marchepied en bois pratique \u00e0 deux marches.<br \/>Dimensions du lit : 183 x 70 x 68 cm.    <\/p>\n","protected":false},"excerpt":{"rendered":"<p>Ce lit de massage en bois fonc\u00e9 est r\u00e9glable en hauteur. Il dispose d\u2019un matelas d\u2019une \u00e9paisseur suppl\u00e9mentaire avec un coussin pour le visage. Le dossier est r\u00e9glable manuellement et deux tiroirs de rangement se trouvent sous le lit. Le lit est livr\u00e9 avec un marchepied en bois pratique \u00e0 deux marches.Dimensions du lit : [&hellip;]<\/p>\n","protected":false},"featured_media":51532,"comment_status":"open","ping_status":"closed","template":"","meta":{"_acf_changed":false},"product_brand":[],"product_cat":[4223,5694],"product_tag":[],"class_list":{"0":"post-54428","1":"product","2":"type-product","3":"status-publish","4":"has-post-thumbnail","6":"product_cat-massage-fr-webshop-fr","7":"product_cat-tables-de-massage","9":"first","10":"instock","11":"taxable","12":"shipping-taxable","13":"product-type-simple"},"acf":[],"_links":{"self":[{"href":"https:\/\/sundar.be\/fr\/wp-json\/wp\/v2\/product\/54428","targetHints":{"allow":["GET"]}}],"collection":[{"href":"https:\/\/sundar.be\/fr\/wp-json\/wp\/v2\/product"}],"about":[{"href":"https:\/\/sundar.be\/fr\/wp-json\/wp\/v2\/types\/product"}],"replies":[{"embeddable":true,"href":"https:\/\/sundar.be\/fr\/wp-json\/wp\/v2\/comments?post=54428"}],"wp:featuredmedia":[{"embeddable":true,"href":"https:\/\/sundar.be\/fr\/wp-json\/wp\/v2\/media\/51532"}],"wp:attachment":[{"href":"https:\/\/sundar.be\/fr\/wp-json\/wp\/v2\/media?parent=54428"}],"wp:term":[{"taxonomy":"product_brand","embeddable":true,"href":"https:\/\/sundar.be\/fr\/wp-json\/wp\/v2\/product_brand?post=54428"},{"taxonomy":"product_cat","embeddable":true,"href":"https:\/\/sundar.be\/fr\/wp-json\/wp\/v2\/product_cat?post=54428"},{"taxonomy":"product_tag","embeddable":true,"href":"https:\/\/sundar.be\/fr\/wp-json\/wp\/v2\/product_tag?post=54428"}],"curies":[{"name":"wp","href":"https:\/\/api.w.org\/{rel}","templated":true}]}}