{"id":54425,"date":"2025-05-22T10:05:09","date_gmt":"2025-05-22T08:05:09","guid":{"rendered":"https:\/\/sundar.be\/product\/lampe-infrarouge-chauffante-avec-variateur-275-watts\/"},"modified":"2025-08-04T10:56:17","modified_gmt":"2025-08-04T08:56:17","slug":"lampe-infrarouge-chauffante-avec-variateur-275-watts","status":"publish","type":"product","link":"https:\/\/sundar.be\/fr\/produit\/lampe-infrarouge-chauffante-avec-variateur-275-watts\/","title":{"rendered":"Lampe infrarouge chauffante avec variateur, 275 watts"},"content":{"rendered":"<p>Lampe infrarouge professionnelle sur pied \u00e9quip\u00e9e d\u2019un variateur. Lampe incluse (275 W, \u00d8 13 cm). Le rayonnement de la lampe infrarouge chauffe en profondeur la peau, provoquant la transpiration et l\u2019ouverture des pores. La chaleur permet \u00e9galement une meilleure p\u00e9n\u00e9tration des masques et offre un confort suppl\u00e9mentaire au client lors de l\u2019application.    <\/p>\n<p>Cette lampe est utilis\u00e9e pour r\u00e9duire, voire parfois \u00e9liminer, des affections cutan\u00e9es telles que l\u2019acn\u00e9, les infections cutan\u00e9es, les ger\u00e7ures, les plaies et l\u2019herp\u00e8s labial. La lumi\u00e8re active le m\u00e9tabolisme et favorise la production de nouvelles cellules, acc\u00e9l\u00e9rant ainsi la <strong>gu\u00e9rison<\/strong>. La dur\u00e9e et la fr\u00e9quence des traitements varient selon la personne et la pathologie.   <\/p>\n<p>Pour les <strong>traitements des muscles et des articulations<\/strong> \u00e0 l\u2019infrarouge, la proc\u00e9dure est diff\u00e9rente et peut durer plus longtemps, environ 12 minutes. La gravit\u00e9 de la condition d\u00e9termine la fr\u00e9quence des s\u00e9ances n\u00e9cessaires. Une distance d\u2019environ 60 cm est g\u00e9n\u00e9ralement recommand\u00e9e. La zone trait\u00e9e absorbe l\u2019\u00e9nergie lumineuse et la transforme en chaleur, am\u00e9liorant ainsi la circulation sanguine et l\u2019\u00e9limination des toxines.     <\/p>\n<p>Cette lampe infrarouge offre plusieurs niveaux de chaleur pour adapter le traitement \u00e0 la gravit\u00e9 de l\u2019affection. La lampe est \u00e9galement inclinable pour mieux cibler la zone \u00e0 traiter. <\/p>\n","protected":false},"excerpt":{"rendered":"<p>Le rayonnement solaire se compose d\u2019ultraviolets, de lumi\u00e8re visible et d\u2019infrarouges. Le rayonnement infrarouge correspond \u00e0 la partie chaude du spectre solaire. Le corps est chauff\u00e9 directement par ce rayonnement, un effet appel\u00e9 chaleur de p\u00e9n\u00e9tration. Une lampe infrarouge permet de diriger facilement la chaleur sur une zone sp\u00e9cifique du corps, ce qui est particuli\u00e8rement utile pour soulager la douleur localement.     <\/p>\n","protected":false},"featured_media":51543,"comment_status":"open","ping_status":"closed","template":"","meta":{"_acf_changed":false},"product_brand":[],"product_cat":[5695,4223],"product_tag":[],"class_list":{"0":"post-54425","1":"product","2":"type-product","3":"status-publish","4":"has-post-thumbnail","6":"product_cat-lampes-infrarouges","7":"product_cat-massage-fr-webshop-fr","8":"pa_vorm-lampe-de-remplacement-275-watts","9":"pa_vorm-lampe-infrarouge-chauffante","11":"first","12":"instock","13":"taxable","14":"shipping-taxable","15":"product-type-variable"},"acf":[],"_links":{"self":[{"href":"https:\/\/sundar.be\/fr\/wp-json\/wp\/v2\/product\/54425","targetHints":{"allow":["GET"]}}],"collection":[{"href":"https:\/\/sundar.be\/fr\/wp-json\/wp\/v2\/product"}],"about":[{"href":"https:\/\/sundar.be\/fr\/wp-json\/wp\/v2\/types\/product"}],"replies":[{"embeddable":true,"href":"https:\/\/sundar.be\/fr\/wp-json\/wp\/v2\/comments?post=54425"}],"wp:featuredmedia":[{"embeddable":true,"href":"https:\/\/sundar.be\/fr\/wp-json\/wp\/v2\/media\/51543"}],"wp:attachment":[{"href":"https:\/\/sundar.be\/fr\/wp-json\/wp\/v2\/media?parent=54425"}],"wp:term":[{"taxonomy":"product_brand","embeddable":true,"href":"https:\/\/sundar.be\/fr\/wp-json\/wp\/v2\/product_brand?post=54425"},{"taxonomy":"product_cat","embeddable":true,"href":"https:\/\/sundar.be\/fr\/wp-json\/wp\/v2\/product_cat?post=54425"},{"taxonomy":"product_tag","embeddable":true,"href":"https:\/\/sundar.be\/fr\/wp-json\/wp\/v2\/product_tag?post=54425"}],"curies":[{"name":"wp","href":"https:\/\/api.w.org\/{rel}","templated":true}]}}