{"id":54421,"date":"2025-05-22T10:12:21","date_gmt":"2025-05-22T08:12:21","guid":{"rendered":"https:\/\/sundar.be\/product\/chauffe-compresse-23l\/"},"modified":"2025-08-04T10:52:28","modified_gmt":"2025-08-04T08:52:28","slug":"chauffe-compresse-23l","status":"publish","type":"product","link":"https:\/\/sundar.be\/fr\/produit\/chauffe-compresse-23l\/","title":{"rendered":"Chauffe-compresse 23L"},"content":{"rendered":"<p>Cet \u00e9l\u00e9gant chauffe-serviettes apportera un petit plus \u00e0 votre salon. Pratique pour chauffer vos serviettes ou compresses. <\/p>\n<p><strong>D\u00e9tails :<\/strong><\/p>\n<ul>\n<li>Lampe de st\u00e9rilisation UV-C<\/li>\n<li>Puissance : 200 watts<\/li>\n<li>Capacit\u00e9 : 23 litres<\/li>\n<li>Dimensions : 46 cm (largeur) x 38 cm (hauteur) x 32 cm (profondeur)<\/li>\n<li>Temp\u00e9rature r\u00e9glable entre 70 et 80 degr\u00e9s Celsius<\/li>\n<li>Temps de chauffe : 15 \u00e0 30 minutes<\/li>\n<li>Charni\u00e8re de porte sur le c\u00f4t\u00e9<\/li>\n<li>Couleurs disponibles : noir ou blanc<\/li>\n<\/ul>\n","protected":false},"excerpt":{"rendered":"<p>Cet \u00e9l\u00e9gant chauffe-serviettes apportera un petit plus \u00e0 votre salon. Pratique pour chauffer vos serviettes ou compresses. D\u00e9tails : Lampe de st\u00e9rilisation UV-C Puissance : 200 watts Capacit\u00e9 : 23 litres Dimensions : 46 cm (largeur) x 38 cm (hauteur) x 32 cm (profondeur) Temp\u00e9rature r\u00e9glable entre 70 et 80 degr\u00e9s Celsius Temps de chauffe [&hellip;]<\/p>\n","protected":false},"featured_media":51559,"comment_status":"open","ping_status":"closed","template":"","meta":{"_acf_changed":false},"product_brand":[],"product_cat":[4945,4769,5696,5608,4223],"product_tag":[],"class_list":{"0":"post-54421","1":"product","2":"type-product","3":"status-publish","4":"has-post-thumbnail","6":"product_cat-amenagement-institut-webshop-fr","7":"product_cat-amenagement-appareils","8":"product_cat-armoires-chauffantes-pour-serviettes","9":"product_cat-chauffe-compresses","10":"product_cat-massage-fr-webshop-fr","11":"pa_kleur-wit","12":"pa_kleur-zwart","14":"first","15":"instock","16":"taxable","17":"shipping-taxable","18":"product-type-variable"},"acf":[],"_links":{"self":[{"href":"https:\/\/sundar.be\/fr\/wp-json\/wp\/v2\/product\/54421","targetHints":{"allow":["GET"]}}],"collection":[{"href":"https:\/\/sundar.be\/fr\/wp-json\/wp\/v2\/product"}],"about":[{"href":"https:\/\/sundar.be\/fr\/wp-json\/wp\/v2\/types\/product"}],"replies":[{"embeddable":true,"href":"https:\/\/sundar.be\/fr\/wp-json\/wp\/v2\/comments?post=54421"}],"wp:featuredmedia":[{"embeddable":true,"href":"https:\/\/sundar.be\/fr\/wp-json\/wp\/v2\/media\/51559"}],"wp:attachment":[{"href":"https:\/\/sundar.be\/fr\/wp-json\/wp\/v2\/media?parent=54421"}],"wp:term":[{"taxonomy":"product_brand","embeddable":true,"href":"https:\/\/sundar.be\/fr\/wp-json\/wp\/v2\/product_brand?post=54421"},{"taxonomy":"product_cat","embeddable":true,"href":"https:\/\/sundar.be\/fr\/wp-json\/wp\/v2\/product_cat?post=54421"},{"taxonomy":"product_tag","embeddable":true,"href":"https:\/\/sundar.be\/fr\/wp-json\/wp\/v2\/product_tag?post=54421"}],"curies":[{"name":"wp","href":"https:\/\/api.w.org\/{rel}","templated":true}]}}