{"id":54420,"date":"2025-05-22T10:14:22","date_gmt":"2025-05-22T08:14:22","guid":{"rendered":"https:\/\/sundar.be\/product\/chauffe-compresse-avec-uv-23l\/"},"modified":"2025-08-04T10:28:56","modified_gmt":"2025-08-04T08:28:56","slug":"chauffe-compresse-avec-uv-23l","status":"publish","type":"product","link":"https:\/\/sundar.be\/fr\/produit\/chauffe-compresse-avec-uv-23l\/","title":{"rendered":"Chauffe-compresse avec UV 23L"},"content":{"rendered":"<p>Cet \u00e9l\u00e9gant chauffe-serviettes apportera une touche suppl\u00e9mentaire \u00e0 votre salon. Compact et pratique, il est id\u00e9al pour chauffer vos serviettes, serviettes invit\u00e9es et compresses.  <\/p>\n<p><strong>D\u00e9tails :<\/strong><\/p>\n<ul>\n<li>Capacit\u00e9 : 23 litres<\/li>\n<li>Temp\u00e9rature : 70-80 degr\u00e9s; 200 Watt <\/li>\n<li>Lampe UV int\u00e9gr\u00e9e<\/li>\n<li>Dimensions : largeur 44,5 cm, hauteur 35,5 cm, profondeur 28 cm<\/li>\n<li>Charni\u00e8re de porte sur le c\u00f4t\u00e9<\/li>\n<\/ul>\n","protected":false},"excerpt":{"rendered":"<p>Cet \u00e9l\u00e9gant chauffe-serviettes apportera une touche suppl\u00e9mentaire \u00e0 votre salon. Compact et pratique, il est id\u00e9al pour chauffer vos serviettes, serviettes invit\u00e9es et compresses. D\u00e9tails : Capacit\u00e9 : 23 litres Temp\u00e9rature : 70-80 degr\u00e9s; 200 Watt Lampe UV int\u00e9gr\u00e9e Dimensions : largeur 44,5 cm, hauteur 35,5 cm, profondeur 28 cm Charni\u00e8re de porte sur le [&hellip;]<\/p>\n","protected":false},"featured_media":51571,"comment_status":"open","ping_status":"closed","template":"","meta":{"_acf_changed":false},"product_brand":[],"product_cat":[4945,4769,5696,5608,4223],"product_tag":[],"class_list":{"0":"post-54420","1":"product","2":"type-product","3":"status-publish","4":"has-post-thumbnail","6":"product_cat-amenagement-institut-webshop-fr","7":"product_cat-amenagement-appareils","8":"product_cat-armoires-chauffantes-pour-serviettes","9":"product_cat-chauffe-compresses","10":"product_cat-massage-fr-webshop-fr","12":"first","13":"instock","14":"taxable","15":"shipping-taxable","16":"product-type-simple"},"acf":[],"_links":{"self":[{"href":"https:\/\/sundar.be\/fr\/wp-json\/wp\/v2\/product\/54420","targetHints":{"allow":["GET"]}}],"collection":[{"href":"https:\/\/sundar.be\/fr\/wp-json\/wp\/v2\/product"}],"about":[{"href":"https:\/\/sundar.be\/fr\/wp-json\/wp\/v2\/types\/product"}],"replies":[{"embeddable":true,"href":"https:\/\/sundar.be\/fr\/wp-json\/wp\/v2\/comments?post=54420"}],"wp:featuredmedia":[{"embeddable":true,"href":"https:\/\/sundar.be\/fr\/wp-json\/wp\/v2\/media\/51571"}],"wp:attachment":[{"href":"https:\/\/sundar.be\/fr\/wp-json\/wp\/v2\/media?parent=54420"}],"wp:term":[{"taxonomy":"product_brand","embeddable":true,"href":"https:\/\/sundar.be\/fr\/wp-json\/wp\/v2\/product_brand?post=54420"},{"taxonomy":"product_cat","embeddable":true,"href":"https:\/\/sundar.be\/fr\/wp-json\/wp\/v2\/product_cat?post=54420"},{"taxonomy":"product_tag","embeddable":true,"href":"https:\/\/sundar.be\/fr\/wp-json\/wp\/v2\/product_tag?post=54420"}],"curies":[{"name":"wp","href":"https:\/\/api.w.org\/{rel}","templated":true}]}}