{"id":54419,"date":"2025-05-22T10:28:23","date_gmt":"2025-05-22T08:28:23","guid":{"rendered":"https:\/\/sundar.be\/product\/chauffe-compresse-original\/"},"modified":"2025-08-04T10:27:23","modified_gmt":"2025-08-04T08:27:23","slug":"chauffe-compresse-original","status":"publish","type":"product","link":"https:\/\/sundar.be\/fr\/produit\/chauffe-compresse-original\/","title":{"rendered":"Chauffe-Compresse Original"},"content":{"rendered":"<p>Chauffe-serviettes avec option lampe UV. Le rayonnement ultraviolet garantit une hygi\u00e8ne suppl\u00e9mentaire des serviettes. Placez toujours des serviettes l\u00e9g\u00e8rement humides dans le chauffe-compresse.  <\/p>\n<p><strong>D\u00e9tails :<\/strong><\/p>\n<ul>\n<li>Bouton ind\u00e9pendant pour activer la lampe UV<\/li>\n<li>Dimensions ext\u00e9rieures : 46 x 34 x 31 cm<\/li>\n<li>Charni\u00e8re de porte sur le c\u00f4t\u00e9<\/li>\n<li>260 watt.<\/li>\n<\/ul>\n","protected":false},"excerpt":{"rendered":"<p>Chauffe-serviettes avec option lampe UV. Le rayonnement ultraviolet garantit une hygi\u00e8ne suppl\u00e9mentaire des serviettes. Placez toujours des serviettes l\u00e9g\u00e8rement humides dans le chauffe-compresse. D\u00e9tails : Bouton ind\u00e9pendant pour activer la lampe UV Dimensions ext\u00e9rieures : 46 x 34 x 31 cm Charni\u00e8re de porte sur le c\u00f4t\u00e9 260 watt.<\/p>\n","protected":false},"featured_media":51579,"comment_status":"open","ping_status":"closed","template":"","meta":{"_acf_changed":false},"product_brand":[],"product_cat":[4945,4769,5696,5608,4223],"product_tag":[],"class_list":{"0":"post-54419","1":"product","2":"type-product","3":"status-publish","4":"has-post-thumbnail","6":"product_cat-amenagement-institut-webshop-fr","7":"product_cat-amenagement-appareils","8":"product_cat-armoires-chauffantes-pour-serviettes","9":"product_cat-chauffe-compresses","10":"product_cat-massage-fr-webshop-fr","12":"first","13":"instock","14":"taxable","15":"shipping-taxable","16":"product-type-simple"},"acf":[],"_links":{"self":[{"href":"https:\/\/sundar.be\/fr\/wp-json\/wp\/v2\/product\/54419","targetHints":{"allow":["GET"]}}],"collection":[{"href":"https:\/\/sundar.be\/fr\/wp-json\/wp\/v2\/product"}],"about":[{"href":"https:\/\/sundar.be\/fr\/wp-json\/wp\/v2\/types\/product"}],"replies":[{"embeddable":true,"href":"https:\/\/sundar.be\/fr\/wp-json\/wp\/v2\/comments?post=54419"}],"wp:featuredmedia":[{"embeddable":true,"href":"https:\/\/sundar.be\/fr\/wp-json\/wp\/v2\/media\/51579"}],"wp:attachment":[{"href":"https:\/\/sundar.be\/fr\/wp-json\/wp\/v2\/media?parent=54419"}],"wp:term":[{"taxonomy":"product_brand","embeddable":true,"href":"https:\/\/sundar.be\/fr\/wp-json\/wp\/v2\/product_brand?post=54419"},{"taxonomy":"product_cat","embeddable":true,"href":"https:\/\/sundar.be\/fr\/wp-json\/wp\/v2\/product_cat?post=54419"},{"taxonomy":"product_tag","embeddable":true,"href":"https:\/\/sundar.be\/fr\/wp-json\/wp\/v2\/product_tag?post=54419"}],"curies":[{"name":"wp","href":"https:\/\/api.w.org\/{rel}","templated":true}]}}