{"id":54412,"date":"2025-05-22T10:41:47","date_gmt":"2025-05-22T08:41:47","guid":{"rendered":"https:\/\/sundar.be\/product\/serviettes-jetables-absorb-dry-40x80-cm-50-pieces\/"},"modified":"2025-08-04T10:23:20","modified_gmt":"2025-08-04T08:23:20","slug":"serviettes-jetables-absorb-dry-40x80-cm-50-pieces","status":"publish","type":"product","link":"https:\/\/sundar.be\/fr\/produit\/serviettes-jetables-absorb-dry-40x80-cm-50-pieces\/","title":{"rendered":"Serviettes jetables Absorb &amp; Dry 40&#215;80 cm, 50 pi\u00e8ces"},"content":{"rendered":"<p>Paquet de 50 serviettes jetables, extra absorbantes et r\u00e9sistantes. Fabriqu\u00e9es en viscose 100% biod\u00e9gradable, 56 g\/m\u00b2. <\/p>\n<p>Dimensions : 80 cm x 40 cm.<\/p>\n<p>Couleurs disponibles : blanc ou noir.<\/p>\n","protected":false},"excerpt":{"rendered":"<p>Serviettes jetables tr\u00e8s douces avec un pouvoir d\u2019absorption \u00e9lev\u00e9.<\/p>\n","protected":false},"featured_media":51605,"comment_status":"open","ping_status":"closed","template":"","meta":{"_acf_changed":false},"product_brand":[],"product_cat":[4945,5697,1446,4223,4765,4137,5698],"product_tag":[],"class_list":{"0":"post-54412","1":"product","2":"type-product","3":"status-publish","4":"has-post-thumbnail","6":"product_cat-amenagement-institut-webshop-fr","7":"product_cat-articles-jetables-ligne-de-bain","8":"product_cat-hygiene-desinfection-fr","9":"product_cat-massage-fr-webshop-fr","10":"product_cat-matriel-de-pratique","11":"product_cat-nettoyage-produits-usage-unique","12":"product_cat-massage-serviettes","13":"pa_kleur-wit","14":"pa_kleur-zwart","16":"first","17":"instock","18":"taxable","19":"shipping-taxable","20":"product-type-variable"},"acf":[],"_links":{"self":[{"href":"https:\/\/sundar.be\/fr\/wp-json\/wp\/v2\/product\/54412","targetHints":{"allow":["GET"]}}],"collection":[{"href":"https:\/\/sundar.be\/fr\/wp-json\/wp\/v2\/product"}],"about":[{"href":"https:\/\/sundar.be\/fr\/wp-json\/wp\/v2\/types\/product"}],"replies":[{"embeddable":true,"href":"https:\/\/sundar.be\/fr\/wp-json\/wp\/v2\/comments?post=54412"}],"wp:featuredmedia":[{"embeddable":true,"href":"https:\/\/sundar.be\/fr\/wp-json\/wp\/v2\/media\/51605"}],"wp:attachment":[{"href":"https:\/\/sundar.be\/fr\/wp-json\/wp\/v2\/media?parent=54412"}],"wp:term":[{"taxonomy":"product_brand","embeddable":true,"href":"https:\/\/sundar.be\/fr\/wp-json\/wp\/v2\/product_brand?post=54412"},{"taxonomy":"product_cat","embeddable":true,"href":"https:\/\/sundar.be\/fr\/wp-json\/wp\/v2\/product_cat?post=54412"},{"taxonomy":"product_tag","embeddable":true,"href":"https:\/\/sundar.be\/fr\/wp-json\/wp\/v2\/product_tag?post=54412"}],"curies":[{"name":"wp","href":"https:\/\/api.w.org\/{rel}","templated":true}]}}