{"id":54411,"date":"2025-05-22T10:44:46","date_gmt":"2025-05-22T08:44:46","guid":{"rendered":"https:\/\/sundar.be\/product\/serviette-invite-en-microfibre-30x50-cm\/"},"modified":"2025-08-04T10:22:18","modified_gmt":"2025-08-04T08:22:18","slug":"serviette-invite-en-microfibre-30x50-cm","status":"publish","type":"product","link":"https:\/\/sundar.be\/fr\/produit\/serviette-invite-en-microfibre-30x50-cm\/","title":{"rendered":"Serviette invit\u00e9 en microfibre 30&#215;50 cm"},"content":{"rendered":"<p>Gr\u00e2ce \u00e0 la microfibre, ces serviettes ont une grande capacit\u00e9 d\u2019absorption. Elles permettent de s\u00e9cher la peau ou les cheveux en un rien de temps. <\/p>\n<p>Dimensions : 30 x 50 cm<\/p>\n<p>Couleur : blanc<\/p>\n","protected":false},"excerpt":{"rendered":"<p>Gr\u00e2ce \u00e0 la microfibre, ces serviettes ont une grande capacit\u00e9 d\u2019absorption. Elles permettent de s\u00e9cher la peau ou les cheveux en un rien de temps. Dimensions : 30 x 50 cm Couleur : blanc<\/p>\n","protected":false},"featured_media":51612,"comment_status":"open","ping_status":"closed","template":"","meta":{"_acf_changed":false},"product_brand":[],"product_cat":[5697,4223,5698],"product_tag":[],"class_list":{"0":"post-54411","1":"product","2":"type-product","3":"status-publish","4":"has-post-thumbnail","6":"product_cat-articles-jetables-ligne-de-bain","7":"product_cat-massage-fr-webshop-fr","8":"product_cat-massage-serviettes","10":"first","11":"instock","12":"taxable","13":"shipping-taxable","14":"product-type-simple"},"acf":[],"_links":{"self":[{"href":"https:\/\/sundar.be\/fr\/wp-json\/wp\/v2\/product\/54411","targetHints":{"allow":["GET"]}}],"collection":[{"href":"https:\/\/sundar.be\/fr\/wp-json\/wp\/v2\/product"}],"about":[{"href":"https:\/\/sundar.be\/fr\/wp-json\/wp\/v2\/types\/product"}],"replies":[{"embeddable":true,"href":"https:\/\/sundar.be\/fr\/wp-json\/wp\/v2\/comments?post=54411"}],"wp:featuredmedia":[{"embeddable":true,"href":"https:\/\/sundar.be\/fr\/wp-json\/wp\/v2\/media\/51612"}],"wp:attachment":[{"href":"https:\/\/sundar.be\/fr\/wp-json\/wp\/v2\/media?parent=54411"}],"wp:term":[{"taxonomy":"product_brand","embeddable":true,"href":"https:\/\/sundar.be\/fr\/wp-json\/wp\/v2\/product_brand?post=54411"},{"taxonomy":"product_cat","embeddable":true,"href":"https:\/\/sundar.be\/fr\/wp-json\/wp\/v2\/product_cat?post=54411"},{"taxonomy":"product_tag","embeddable":true,"href":"https:\/\/sundar.be\/fr\/wp-json\/wp\/v2\/product_tag?post=54411"}],"curies":[{"name":"wp","href":"https:\/\/api.w.org\/{rel}","templated":true}]}}