{"id":54404,"date":"2025-05-22T13:11:47","date_gmt":"2025-05-22T11:11:47","guid":{"rendered":"https:\/\/sundar.be\/product\/sibel-epil-hair-pro-acide-hyaluronique-peau-sensible-800ml\/"},"modified":"2025-08-04T10:18:11","modified_gmt":"2025-08-04T08:18:11","slug":"sibel-epil-hair-pro-acide-hyaluronique-peau-sensible-800ml","status":"publish","type":"product","link":"https:\/\/sundar.be\/fr\/produit\/sibel-epil-hair-pro-acide-hyaluronique-peau-sensible-800ml\/","title":{"rendered":"Sibel Epil Hair Pro &#8211; Acide Hyaluronique Peau Sensible, 800ml"},"content":{"rendered":"<p>La cire d\u00e9pilatoire Sibel enrichie en acide hyaluronique assure un soin optimal des zones \u00e0 \u00e9piler, rendant l\u2019\u00e9pilation moins douloureuse et r\u00e9duisant les irritations. Cette cire convient pour tout le corps. <\/p>\n<p>Recharge de cire avec t\u00eate large, \u00e0 utiliser avec bandes de cire \u2013 temp\u00e9rature de 40 \u00e0 45 degr\u00e9s.<\/p>\n","protected":false},"excerpt":{"rendered":"<p>La cire d\u00e9pilatoire Sibel enrichie en acide hyaluronique assure un soin optimal des zones \u00e0 \u00e9piler, rendant l\u2019\u00e9pilation moins douloureuse et r\u00e9duisant les irritations. Cette cire convient pour tout le corps. Recharge de cire avec t\u00eate large, \u00e0 utiliser avec bandes de cire \u2013 temp\u00e9rature de 40 \u00e0 45 degr\u00e9s.<\/p>\n","protected":false},"featured_media":51722,"comment_status":"open","ping_status":"closed","template":"","meta":{"_acf_changed":false},"product_brand":[],"product_cat":[4767,1584,5720,5730],"product_tag":[],"class_list":{"0":"post-54404","1":"product","2":"type-product","3":"status-publish","4":"has-post-thumbnail","6":"product_cat-beaute","7":"product_cat-depilation","8":"product_cat-epilation-resine-sucre","9":"product_cat-pots-de-cire","11":"first","12":"instock","13":"taxable","14":"shipping-taxable","15":"product-type-simple"},"acf":[],"_links":{"self":[{"href":"https:\/\/sundar.be\/fr\/wp-json\/wp\/v2\/product\/54404","targetHints":{"allow":["GET"]}}],"collection":[{"href":"https:\/\/sundar.be\/fr\/wp-json\/wp\/v2\/product"}],"about":[{"href":"https:\/\/sundar.be\/fr\/wp-json\/wp\/v2\/types\/product"}],"replies":[{"embeddable":true,"href":"https:\/\/sundar.be\/fr\/wp-json\/wp\/v2\/comments?post=54404"}],"wp:featuredmedia":[{"embeddable":true,"href":"https:\/\/sundar.be\/fr\/wp-json\/wp\/v2\/media\/51722"}],"wp:attachment":[{"href":"https:\/\/sundar.be\/fr\/wp-json\/wp\/v2\/media?parent=54404"}],"wp:term":[{"taxonomy":"product_brand","embeddable":true,"href":"https:\/\/sundar.be\/fr\/wp-json\/wp\/v2\/product_brand?post=54404"},{"taxonomy":"product_cat","embeddable":true,"href":"https:\/\/sundar.be\/fr\/wp-json\/wp\/v2\/product_cat?post=54404"},{"taxonomy":"product_tag","embeddable":true,"href":"https:\/\/sundar.be\/fr\/wp-json\/wp\/v2\/product_tag?post=54404"}],"curies":[{"name":"wp","href":"https:\/\/api.w.org\/{rel}","templated":true}]}}