{"id":54399,"date":"2025-05-22T13:17:35","date_gmt":"2025-05-22T11:17:35","guid":{"rendered":"https:\/\/sundar.be\/product\/sibel-epil-hair-pro-vegan-harsblik-800ml\/"},"modified":"2025-08-04T10:15:05","modified_gmt":"2025-08-04T08:15:05","slug":"sibel-epil-hair-pro-vegan-harsblik-800ml","status":"publish","type":"product","link":"https:\/\/sundar.be\/fr\/produit\/sibel-epil-hair-pro-vegan-harsblik-800ml\/","title":{"rendered":"Sibel Epil Hair Pro Vegan Harsblik, 800ml"},"content":{"rendered":"<p>Sibel Vegan Wax<br \/>\nD\u00e9couvrez notre toute nouvelle cire \u00e0 formule vegan. Exempte d\u2019ingr\u00e9dients d\u2019origine animale, de conservateurs, de colorants et de parfums. Cette cire est enrichie en huile de Tamanu, reconnue pour ses propri\u00e9t\u00e9s r\u00e9paratrices, apaisantes et purifiantes.   <\/p>\n<p><strong>Huile de Tamanu<\/strong><br \/>\nCette huile v\u00e9g\u00e9tale est reconnue pour ses propri\u00e9t\u00e9s anti-inflammatoires. Elle aide \u00e0 r\u00e9duire les irritations cutan\u00e9es apr\u00e8s l\u2019\u00e9pilation \u00e0 la cire. L\u2019huile de Tamanu utilis\u00e9e dans notre cire Epil\u2019Hair Pro provient d\u2019une source durable.  <\/p>\n<p>&nbsp;<\/p>\n","protected":false},"excerpt":{"rendered":"<p>Sibel Vegan Wax D\u00e9couvrez notre toute nouvelle cire \u00e0 formule vegan. Exempte d\u2019ingr\u00e9dients d\u2019origine animale, de conservateurs, de colorants et de parfums. Cette cire est enrichie en huile de Tamanu, reconnue pour ses propri\u00e9t\u00e9s r\u00e9paratrices, apaisantes et purifiantes. Huile de Tamanu Cette huile v\u00e9g\u00e9tale est reconnue pour ses propri\u00e9t\u00e9s anti-inflammatoires. Elle aide \u00e0 r\u00e9duire les [&hellip;]<\/p>\n","protected":false},"featured_media":51738,"comment_status":"open","ping_status":"closed","template":"","meta":{"_acf_changed":false},"product_brand":[],"product_cat":[4767,1584,5720,5730],"product_tag":[],"class_list":{"0":"post-54399","1":"product","2":"type-product","3":"status-publish","4":"has-post-thumbnail","6":"product_cat-beaute","7":"product_cat-depilation","8":"product_cat-epilation-resine-sucre","9":"product_cat-pots-de-cire","11":"first","12":"instock","13":"taxable","14":"shipping-taxable","15":"product-type-simple"},"acf":[],"_links":{"self":[{"href":"https:\/\/sundar.be\/fr\/wp-json\/wp\/v2\/product\/54399","targetHints":{"allow":["GET"]}}],"collection":[{"href":"https:\/\/sundar.be\/fr\/wp-json\/wp\/v2\/product"}],"about":[{"href":"https:\/\/sundar.be\/fr\/wp-json\/wp\/v2\/types\/product"}],"replies":[{"embeddable":true,"href":"https:\/\/sundar.be\/fr\/wp-json\/wp\/v2\/comments?post=54399"}],"wp:featuredmedia":[{"embeddable":true,"href":"https:\/\/sundar.be\/fr\/wp-json\/wp\/v2\/media\/51738"}],"wp:attachment":[{"href":"https:\/\/sundar.be\/fr\/wp-json\/wp\/v2\/media?parent=54399"}],"wp:term":[{"taxonomy":"product_brand","embeddable":true,"href":"https:\/\/sundar.be\/fr\/wp-json\/wp\/v2\/product_brand?post=54399"},{"taxonomy":"product_cat","embeddable":true,"href":"https:\/\/sundar.be\/fr\/wp-json\/wp\/v2\/product_cat?post=54399"},{"taxonomy":"product_tag","embeddable":true,"href":"https:\/\/sundar.be\/fr\/wp-json\/wp\/v2\/product_tag?post=54399"}],"curies":[{"name":"wp","href":"https:\/\/api.w.org\/{rel}","templated":true}]}}