{"id":54395,"date":"2025-05-22T13:20:39","date_gmt":"2025-05-22T11:20:39","guid":{"rendered":"https:\/\/sundar.be\/product\/sibel-epil-hair-pro-strawberry-800ml\/"},"modified":"2025-08-04T10:14:26","modified_gmt":"2025-08-04T08:14:26","slug":"sibel-epil-hair-pro-strawberry-800ml","status":"publish","type":"product","link":"https:\/\/sundar.be\/fr\/produit\/sibel-epil-hair-pro-strawberry-800ml\/","title":{"rendered":"Sibel Epil Hair Pro Strawberry, 800ml"},"content":{"rendered":"<p>Cire pelable \u00e0 basse temp\u00e9rature, utilisable sans bandes, adapt\u00e9e aux peaux sensibles.<\/p>\n<p>Cette cire pelable d\u00e9gage un agr\u00e9able parfum de fraise. Gr\u00e2ce \u00e0 sa faible temp\u00e9rature de fusion, elle est id\u00e9ale pour une utilisation sur les peaux sensibles. <\/p>\n","protected":false},"excerpt":{"rendered":"<p>Cire pelable \u00e0 basse temp\u00e9rature, utilisable sans bandes, adapt\u00e9e aux peaux sensibles. Cette cire pelable d\u00e9gage un agr\u00e9able parfum de fraise. Gr\u00e2ce \u00e0 sa faible temp\u00e9rature de fusion, elle est id\u00e9ale pour une utilisation sur les peaux sensibles.<\/p>\n","protected":false},"featured_media":51744,"comment_status":"open","ping_status":"closed","template":"","meta":{"_acf_changed":false},"product_brand":[],"product_cat":[4767,1584,5720,5730],"product_tag":[],"class_list":{"0":"post-54395","1":"product","2":"type-product","3":"status-publish","4":"has-post-thumbnail","6":"product_cat-beaute","7":"product_cat-depilation","8":"product_cat-epilation-resine-sucre","9":"product_cat-pots-de-cire","11":"first","12":"instock","13":"taxable","14":"shipping-taxable","15":"product-type-simple"},"acf":[],"_links":{"self":[{"href":"https:\/\/sundar.be\/fr\/wp-json\/wp\/v2\/product\/54395","targetHints":{"allow":["GET"]}}],"collection":[{"href":"https:\/\/sundar.be\/fr\/wp-json\/wp\/v2\/product"}],"about":[{"href":"https:\/\/sundar.be\/fr\/wp-json\/wp\/v2\/types\/product"}],"replies":[{"embeddable":true,"href":"https:\/\/sundar.be\/fr\/wp-json\/wp\/v2\/comments?post=54395"}],"wp:featuredmedia":[{"embeddable":true,"href":"https:\/\/sundar.be\/fr\/wp-json\/wp\/v2\/media\/51744"}],"wp:attachment":[{"href":"https:\/\/sundar.be\/fr\/wp-json\/wp\/v2\/media?parent=54395"}],"wp:term":[{"taxonomy":"product_brand","embeddable":true,"href":"https:\/\/sundar.be\/fr\/wp-json\/wp\/v2\/product_brand?post=54395"},{"taxonomy":"product_cat","embeddable":true,"href":"https:\/\/sundar.be\/fr\/wp-json\/wp\/v2\/product_cat?post=54395"},{"taxonomy":"product_tag","embeddable":true,"href":"https:\/\/sundar.be\/fr\/wp-json\/wp\/v2\/product_tag?post=54395"}],"curies":[{"name":"wp","href":"https:\/\/api.w.org\/{rel}","templated":true}]}}