{"id":54394,"date":"2025-05-22T13:18:57","date_gmt":"2025-05-22T11:18:57","guid":{"rendered":"https:\/\/sundar.be\/product\/sibel-epil-hair-pro-chocolate-800ml\/"},"modified":"2025-08-04T10:14:23","modified_gmt":"2025-08-04T08:14:23","slug":"sibel-epil-hair-pro-chocolate-800ml","status":"publish","type":"product","link":"https:\/\/sundar.be\/fr\/produit\/sibel-epil-hair-pro-chocolate-800ml\/","title":{"rendered":"Sibel Epil Hair Pro Chocolate, 800ml"},"content":{"rendered":"<p>Cette cire est enrichie en huile de cacao et en huile d\u2019amande douce. Elle est parfaitement adapt\u00e9e pour une \u00e9pilation douce et efficace tout en hydratant et r\u00e9g\u00e9n\u00e9rant la peau. <\/p>\n","protected":false},"excerpt":{"rendered":"<p>Cette cire est enrichie en huile de cacao et en huile d\u2019amande douce. Elle est parfaitement adapt\u00e9e pour une \u00e9pilation douce et efficace tout en hydratant et r\u00e9g\u00e9n\u00e9rant la peau.<\/p>\n","protected":false},"featured_media":51741,"comment_status":"open","ping_status":"closed","template":"","meta":{"_acf_changed":false},"product_brand":[],"product_cat":[4767,1584,5720,5730],"product_tag":[],"class_list":{"0":"post-54394","1":"product","2":"type-product","3":"status-publish","4":"has-post-thumbnail","6":"product_cat-beaute","7":"product_cat-depilation","8":"product_cat-epilation-resine-sucre","9":"product_cat-pots-de-cire","11":"first","12":"instock","13":"taxable","14":"shipping-taxable","15":"product-type-simple"},"acf":[],"_links":{"self":[{"href":"https:\/\/sundar.be\/fr\/wp-json\/wp\/v2\/product\/54394","targetHints":{"allow":["GET"]}}],"collection":[{"href":"https:\/\/sundar.be\/fr\/wp-json\/wp\/v2\/product"}],"about":[{"href":"https:\/\/sundar.be\/fr\/wp-json\/wp\/v2\/types\/product"}],"replies":[{"embeddable":true,"href":"https:\/\/sundar.be\/fr\/wp-json\/wp\/v2\/comments?post=54394"}],"wp:featuredmedia":[{"embeddable":true,"href":"https:\/\/sundar.be\/fr\/wp-json\/wp\/v2\/media\/51741"}],"wp:attachment":[{"href":"https:\/\/sundar.be\/fr\/wp-json\/wp\/v2\/media?parent=54394"}],"wp:term":[{"taxonomy":"product_brand","embeddable":true,"href":"https:\/\/sundar.be\/fr\/wp-json\/wp\/v2\/product_brand?post=54394"},{"taxonomy":"product_cat","embeddable":true,"href":"https:\/\/sundar.be\/fr\/wp-json\/wp\/v2\/product_cat?post=54394"},{"taxonomy":"product_tag","embeddable":true,"href":"https:\/\/sundar.be\/fr\/wp-json\/wp\/v2\/product_tag?post=54394"}],"curies":[{"name":"wp","href":"https:\/\/api.w.org\/{rel}","templated":true}]}}