{"id":54391,"date":"2025-05-22T13:25:35","date_gmt":"2025-05-22T11:25:35","guid":{"rendered":"https:\/\/sundar.be\/product\/sibel-epil-hair-pro-hot-wax-natural\/"},"modified":"2025-08-04T10:13:06","modified_gmt":"2025-08-04T08:13:06","slug":"sibel-epil-hair-pro-hot-wax-natural","status":"publish","type":"product","link":"https:\/\/sundar.be\/fr\/produit\/sibel-epil-hair-pro-hot-wax-natural\/","title":{"rendered":"Sibel Epil Hair Pro &#8211; Hot Wax Natural"},"content":{"rendered":"<p>Une cire neutre et d\u00e9licieusement onctueuse, facile \u00e0 appliquer sur le corps.<\/p>\n<p>Cette cire r\u00e9utilisable en galets s\u2019utilise \u00e0 une temp\u00e9rature de 40 \u00e0 45 degr\u00e9s et peut \u00eatre appliqu\u00e9e sans bandes. <\/p>\n","protected":false},"excerpt":{"rendered":"<p>Une cire neutre et d\u00e9licieusement onctueuse, facile \u00e0 appliquer sur le corps. Cette cire r\u00e9utilisable en galets s\u2019utilise \u00e0 une temp\u00e9rature de 40 \u00e0 45 degr\u00e9s et peut \u00eatre appliqu\u00e9e sans bandes.<\/p>\n","protected":false},"featured_media":51757,"comment_status":"open","ping_status":"closed","template":"","meta":{"_acf_changed":false},"product_brand":[],"product_cat":[4767,5731,1584,5720],"product_tag":[],"class_list":{"0":"post-54391","1":"product","2":"type-product","3":"status-publish","4":"has-post-thumbnail","6":"product_cat-beaute","7":"product_cat-blocs-de-cire","8":"product_cat-depilation","9":"product_cat-epilation-resine-sucre","10":"pa_inhoud-1000-g-fr","11":"pa_inhoud-500-g-fr-2","13":"first","14":"instock","15":"taxable","16":"shipping-taxable","17":"product-type-variable"},"acf":[],"_links":{"self":[{"href":"https:\/\/sundar.be\/fr\/wp-json\/wp\/v2\/product\/54391","targetHints":{"allow":["GET"]}}],"collection":[{"href":"https:\/\/sundar.be\/fr\/wp-json\/wp\/v2\/product"}],"about":[{"href":"https:\/\/sundar.be\/fr\/wp-json\/wp\/v2\/types\/product"}],"replies":[{"embeddable":true,"href":"https:\/\/sundar.be\/fr\/wp-json\/wp\/v2\/comments?post=54391"}],"wp:featuredmedia":[{"embeddable":true,"href":"https:\/\/sundar.be\/fr\/wp-json\/wp\/v2\/media\/51757"}],"wp:attachment":[{"href":"https:\/\/sundar.be\/fr\/wp-json\/wp\/v2\/media?parent=54391"}],"wp:term":[{"taxonomy":"product_brand","embeddable":true,"href":"https:\/\/sundar.be\/fr\/wp-json\/wp\/v2\/product_brand?post=54391"},{"taxonomy":"product_cat","embeddable":true,"href":"https:\/\/sundar.be\/fr\/wp-json\/wp\/v2\/product_cat?post=54391"},{"taxonomy":"product_tag","embeddable":true,"href":"https:\/\/sundar.be\/fr\/wp-json\/wp\/v2\/product_tag?post=54391"}],"curies":[{"name":"wp","href":"https:\/\/api.w.org\/{rel}","templated":true}]}}