{"id":54388,"date":"2025-05-22T13:28:23","date_gmt":"2025-05-22T11:28:23","guid":{"rendered":"https:\/\/sundar.be\/product\/sibel-epil-hair-pro-hot-wax-pink\/"},"modified":"2025-08-04T10:13:02","modified_gmt":"2025-08-04T08:13:02","slug":"sibel-epil-hair-pro-hot-wax-pink","status":"publish","type":"product","link":"https:\/\/sundar.be\/fr\/produit\/sibel-epil-hair-pro-hot-wax-pink\/","title":{"rendered":"Sibel Epil Hair Pro &#8211; Hot Wax Pink"},"content":{"rendered":"<p>Une cire neutre et d\u00e9licieusement onctueuse, facile \u00e0 appliquer sur le visage et le corps.<\/p>\n<p>Cette cire en galets r\u00e9utilisable s\u2019utilise \u00e0 une temp\u00e9rature comprise entre 40 et 45 degr\u00e9s. Elle peut \u00eatre appliqu\u00e9e sans bandes. <\/p>\n","protected":false},"excerpt":{"rendered":"<p>Une cire neutre et d\u00e9licieusement onctueuse, facile \u00e0 appliquer sur le visage et le corps. Cette cire en galets r\u00e9utilisable s\u2019utilise \u00e0 une temp\u00e9rature comprise entre 40 et 45 degr\u00e9s. Elle peut \u00eatre appliqu\u00e9e sans bandes.<\/p>\n","protected":false},"featured_media":51764,"comment_status":"open","ping_status":"closed","template":"","meta":{"_acf_changed":false},"product_brand":[],"product_cat":[4767,5731,1584,5720],"product_tag":[],"class_list":{"0":"post-54388","1":"product","2":"type-product","3":"status-publish","4":"has-post-thumbnail","6":"product_cat-beaute","7":"product_cat-blocs-de-cire","8":"product_cat-depilation","9":"product_cat-epilation-resine-sucre","10":"pa_inhoud-1000-g-fr","11":"pa_inhoud-500-g-fr-2","13":"first","14":"instock","15":"taxable","16":"shipping-taxable","17":"product-type-variable"},"acf":[],"_links":{"self":[{"href":"https:\/\/sundar.be\/fr\/wp-json\/wp\/v2\/product\/54388","targetHints":{"allow":["GET"]}}],"collection":[{"href":"https:\/\/sundar.be\/fr\/wp-json\/wp\/v2\/product"}],"about":[{"href":"https:\/\/sundar.be\/fr\/wp-json\/wp\/v2\/types\/product"}],"replies":[{"embeddable":true,"href":"https:\/\/sundar.be\/fr\/wp-json\/wp\/v2\/comments?post=54388"}],"wp:featuredmedia":[{"embeddable":true,"href":"https:\/\/sundar.be\/fr\/wp-json\/wp\/v2\/media\/51764"}],"wp:attachment":[{"href":"https:\/\/sundar.be\/fr\/wp-json\/wp\/v2\/media?parent=54388"}],"wp:term":[{"taxonomy":"product_brand","embeddable":true,"href":"https:\/\/sundar.be\/fr\/wp-json\/wp\/v2\/product_brand?post=54388"},{"taxonomy":"product_cat","embeddable":true,"href":"https:\/\/sundar.be\/fr\/wp-json\/wp\/v2\/product_cat?post=54388"},{"taxonomy":"product_tag","embeddable":true,"href":"https:\/\/sundar.be\/fr\/wp-json\/wp\/v2\/product_tag?post=54388"}],"curies":[{"name":"wp","href":"https:\/\/api.w.org\/{rel}","templated":true}]}}