{"id":54385,"date":"2025-05-22T13:29:27","date_gmt":"2025-05-22T11:29:27","guid":{"rendered":"https:\/\/sundar.be\/product\/sibel-epil-hair-pro-hot-wax-pink-disques\/"},"modified":"2025-08-04T10:12:08","modified_gmt":"2025-08-04T08:12:08","slug":"sibel-epil-hair-pro-hot-wax-pink-disques","status":"publish","type":"product","link":"https:\/\/sundar.be\/fr\/produit\/sibel-epil-hair-pro-hot-wax-pink-disques\/","title":{"rendered":"Sibel Epil Hair Pro &#8211; Hot Wax Pink Disques"},"content":{"rendered":"<p>Une cire neutre et d\u00e9licieusement onctueuse, facile \u00e0 appliquer sur le visage et le corps.<br \/>\nCes galets de cire sont r\u00e9utilisables et peuvent \u00eatre utilis\u00e9s sans bandes d\u2019\u00e9pilation.<\/p>\n","protected":false},"excerpt":{"rendered":"<p>Une cire neutre et d\u00e9licieusement onctueuse, facile \u00e0 appliquer sur le visage et le corps. Ces galets de cire sont r\u00e9utilisables et peuvent \u00eatre utilis\u00e9s sans bandes d\u2019\u00e9pilation.<\/p>\n","protected":false},"featured_media":51769,"comment_status":"open","ping_status":"closed","template":"","meta":{"_acf_changed":false},"product_brand":[],"product_cat":[4767,5731,1584,5720],"product_tag":[],"class_list":{"0":"post-54385","1":"product","2":"type-product","3":"status-publish","4":"has-post-thumbnail","6":"product_cat-beaute","7":"product_cat-blocs-de-cire","8":"product_cat-depilation","9":"product_cat-epilation-resine-sucre","11":"first","12":"instock","13":"taxable","14":"shipping-taxable","15":"product-type-simple"},"acf":[],"_links":{"self":[{"href":"https:\/\/sundar.be\/fr\/wp-json\/wp\/v2\/product\/54385","targetHints":{"allow":["GET"]}}],"collection":[{"href":"https:\/\/sundar.be\/fr\/wp-json\/wp\/v2\/product"}],"about":[{"href":"https:\/\/sundar.be\/fr\/wp-json\/wp\/v2\/types\/product"}],"replies":[{"embeddable":true,"href":"https:\/\/sundar.be\/fr\/wp-json\/wp\/v2\/comments?post=54385"}],"wp:featuredmedia":[{"embeddable":true,"href":"https:\/\/sundar.be\/fr\/wp-json\/wp\/v2\/media\/51769"}],"wp:attachment":[{"href":"https:\/\/sundar.be\/fr\/wp-json\/wp\/v2\/media?parent=54385"}],"wp:term":[{"taxonomy":"product_brand","embeddable":true,"href":"https:\/\/sundar.be\/fr\/wp-json\/wp\/v2\/product_brand?post=54385"},{"taxonomy":"product_cat","embeddable":true,"href":"https:\/\/sundar.be\/fr\/wp-json\/wp\/v2\/product_cat?post=54385"},{"taxonomy":"product_tag","embeddable":true,"href":"https:\/\/sundar.be\/fr\/wp-json\/wp\/v2\/product_tag?post=54385"}],"curies":[{"name":"wp","href":"https:\/\/api.w.org\/{rel}","templated":true}]}}