{"id":54371,"date":"2025-05-23T08:14:25","date_gmt":"2025-05-23T06:14:25","guid":{"rendered":"https:\/\/sundar.be\/product\/sibel-hair-pro-post-depilation-oil\/"},"modified":"2025-12-01T16:18:10","modified_gmt":"2025-12-01T15:18:10","slug":"sibel-hair-pro-post-depilation-oil","status":"publish","type":"product","link":"https:\/\/sundar.be\/fr\/produit\/sibel-hair-pro-post-depilation-oil\/","title":{"rendered":"Sibel Hair Pro Post Depilation Oil"},"content":{"rendered":"<p><span style=\"color: #557e96;\"><strong>Sibel Hair Pro Post Depilation Oil <\/strong><\/span>est une huile douce et nourrissante qui apaise et nettoie imm\u00e9diatement la peau apr\u00e8s l\u2019\u00e9pilation. Sa formule \u00e9limine efficacement les r\u00e9sidus de cire, tandis que les huiles nourrissantes et les antioxydants adoucissent, hydratent et prot\u00e8gent la peau. Id\u00e9al tant pour les salons professionnels que pour une utilisation \u00e0 domicile apr\u00e8s l\u2019\u00e9pilation \u00e0 la cire ou au sucre.  <\/p>\n<p>L\u2019huile post-\u00e9pilation est disponible en 3 formats : 125 ml, 250 ml et 500 ml.<\/p>\n","protected":false},"excerpt":{"rendered":"<p>Cette huile l\u00e9g\u00e8re \u00e9limine rapidement et efficacement les r\u00e9sidus de cire et apaise la peau apr\u00e8s l\u2019\u00e9pilation. La peau devient douce, confortable et intens\u00e9ment nourrie. <\/p>\n","protected":false},"featured_media":51905,"comment_status":"open","ping_status":"closed","template":"","meta":{"_acf_changed":false},"product_brand":[],"product_cat":[4767,1584,5243],"product_tag":[],"class_list":{"0":"post-54371","1":"product","2":"type-product","3":"status-publish","4":"has-post-thumbnail","6":"product_cat-beaute","7":"product_cat-depilation","8":"product_cat-soin-pres-post-epilation","9":"pa_inhoud-125ml-fr","10":"pa_inhoud-250-ml-fr","11":"pa_inhoud-500-ml-fr","13":"first","14":"instock","15":"taxable","16":"shipping-taxable","17":"product-type-variable"},"acf":[],"_links":{"self":[{"href":"https:\/\/sundar.be\/fr\/wp-json\/wp\/v2\/product\/54371","targetHints":{"allow":["GET"]}}],"collection":[{"href":"https:\/\/sundar.be\/fr\/wp-json\/wp\/v2\/product"}],"about":[{"href":"https:\/\/sundar.be\/fr\/wp-json\/wp\/v2\/types\/product"}],"replies":[{"embeddable":true,"href":"https:\/\/sundar.be\/fr\/wp-json\/wp\/v2\/comments?post=54371"}],"wp:featuredmedia":[{"embeddable":true,"href":"https:\/\/sundar.be\/fr\/wp-json\/wp\/v2\/media\/51905"}],"wp:attachment":[{"href":"https:\/\/sundar.be\/fr\/wp-json\/wp\/v2\/media?parent=54371"}],"wp:term":[{"taxonomy":"product_brand","embeddable":true,"href":"https:\/\/sundar.be\/fr\/wp-json\/wp\/v2\/product_brand?post=54371"},{"taxonomy":"product_cat","embeddable":true,"href":"https:\/\/sundar.be\/fr\/wp-json\/wp\/v2\/product_cat?post=54371"},{"taxonomy":"product_tag","embeddable":true,"href":"https:\/\/sundar.be\/fr\/wp-json\/wp\/v2\/product_tag?post=54371"}],"curies":[{"name":"wp","href":"https:\/\/api.w.org\/{rel}","templated":true}]}}