{"id":54370,"date":"2025-05-23T08:09:20","date_gmt":"2025-05-23T06:09:20","guid":{"rendered":"https:\/\/sundar.be\/product\/sibel-epil-hair-pro-pre-epilation-tonic-500ml\/"},"modified":"2025-12-01T16:35:47","modified_gmt":"2025-12-01T15:35:47","slug":"sibel-epil-hair-pro-pre-epilation-tonic-500ml","status":"publish","type":"product","link":"https:\/\/sundar.be\/fr\/produit\/sibel-epil-hair-pro-pre-epilation-tonic-500ml\/","title":{"rendered":"Sibel Epil Hair Pro Pre Epilation Tonic, 500ml"},"content":{"rendered":"<p><span style=\"color: #557e96;\"><strong>Sibel Epil Hair Pro Pre Epilation Tonic<\/strong><\/span> est une lotion professionnelle de pr\u00e9paration qui nettoie et d\u00e9graisse parfaitement la peau avant toute s\u00e9ance d\u2019\u00e9pilation. La formule \u00e9limine impuret\u00e9s, s\u00e9bum et r\u00e9sidus de cosm\u00e9tiques afin de garantir une adh\u00e9rence optimale de la cire ou du sucre. Gr\u00e2ce au panth\u00e9nol et \u00e0 sa texture l\u00e9g\u00e8re et fra\u00eeche, la peau est propre, douce et pr\u00eate pour une \u00e9pilation efficace et confortable.  <\/p>\n","protected":false},"excerpt":{"rendered":"<p>Cette lotion pr\u00e9-\u00e9pilation nettoie et d\u00e9graisse la peau pour permettre une adh\u00e9rence optimale de la cire. La peau est fra\u00eeche, propre et parfaitement pr\u00e9par\u00e9e pour un r\u00e9sultat d\u2019\u00e9pilation impeccable. <\/p>\n","protected":false},"featured_media":58039,"comment_status":"open","ping_status":"closed","template":"","meta":{"_acf_changed":false},"product_brand":[],"product_cat":[4767,1584,5243],"product_tag":[],"class_list":{"0":"post-54370","1":"product","2":"type-product","3":"status-publish","4":"has-post-thumbnail","6":"product_cat-beaute","7":"product_cat-depilation","8":"product_cat-soin-pres-post-epilation","10":"first","11":"instock","12":"taxable","13":"shipping-taxable","14":"product-type-simple"},"acf":[],"_links":{"self":[{"href":"https:\/\/sundar.be\/fr\/wp-json\/wp\/v2\/product\/54370","targetHints":{"allow":["GET"]}}],"collection":[{"href":"https:\/\/sundar.be\/fr\/wp-json\/wp\/v2\/product"}],"about":[{"href":"https:\/\/sundar.be\/fr\/wp-json\/wp\/v2\/types\/product"}],"replies":[{"embeddable":true,"href":"https:\/\/sundar.be\/fr\/wp-json\/wp\/v2\/comments?post=54370"}],"wp:featuredmedia":[{"embeddable":true,"href":"https:\/\/sundar.be\/fr\/wp-json\/wp\/v2\/media\/58039"}],"wp:attachment":[{"href":"https:\/\/sundar.be\/fr\/wp-json\/wp\/v2\/media?parent=54370"}],"wp:term":[{"taxonomy":"product_brand","embeddable":true,"href":"https:\/\/sundar.be\/fr\/wp-json\/wp\/v2\/product_brand?post=54370"},{"taxonomy":"product_cat","embeddable":true,"href":"https:\/\/sundar.be\/fr\/wp-json\/wp\/v2\/product_cat?post=54370"},{"taxonomy":"product_tag","embeddable":true,"href":"https:\/\/sundar.be\/fr\/wp-json\/wp\/v2\/product_tag?post=54370"}],"curies":[{"name":"wp","href":"https:\/\/api.w.org\/{rel}","templated":true}]}}