{"id":54369,"date":"2025-05-23T08:18:02","date_gmt":"2025-05-23T06:18:02","guid":{"rendered":"https:\/\/sundar.be\/product\/siber-hair-pro-post-depil-hair-inhibitor-lotion-200ml\/"},"modified":"2025-12-01T15:58:01","modified_gmt":"2025-12-01T14:58:01","slug":"siber-hair-pro-post-depil-hair-inhibitor-lotion-200ml","status":"publish","type":"product","link":"https:\/\/sundar.be\/fr\/produit\/siber-hair-pro-post-depil-hair-inhibitor-lotion-200ml\/","title":{"rendered":"Siber Hair Pro Post Depil Hair Inhibitor Lotion, 200ml"},"content":{"rendered":"<p>La <span style=\"color: #557e96;\"><strong>Sibel Hair Pro Post Depil Hair Inhibitor Lotion<\/strong><\/span> est une lotion cibl\u00e9e et nourrissante qui aide \u00e0 ralentir visiblement la repousse des poils apr\u00e8s l\u2019\u00e9pilation. Sa formule associe beurres et huiles adoucissants \u00e0 des extraits v\u00e9g\u00e9taux tels que salix alba, arnica et hamam\u00e9lis, qui apaisent la peau tout en soutenant le processus de repousse plus lente. Id\u00e9ale apr\u00e8s la cire, l\u2019\u00e9pilation ou toute autre m\u00e9thode de d\u00e9pilation pour maintenir une peau lisse, douce et apais\u00e9e plus longtemps.  <\/p>\n","protected":false},"excerpt":{"rendered":"<p>Cette lotion post-\u00e9pilation aide \u00e0 ralentir la repousse des poils tout en apaisant la peau gr\u00e2ce aux prot\u00e9ines de soja, \u00e0 l\u2019arnica et \u00e0 l\u2019hamam\u00e9lis. La peau reste plus longtemps lisse, confortable et parfaitement soign\u00e9e apr\u00e8s chaque \u00e9pilation. <\/p>\n","protected":false},"featured_media":51912,"comment_status":"open","ping_status":"closed","template":"","meta":{"_acf_changed":false},"product_brand":[],"product_cat":[4767,1584,5243],"product_tag":[],"class_list":{"0":"post-54369","1":"product","2":"type-product","3":"status-publish","4":"has-post-thumbnail","6":"product_cat-beaute","7":"product_cat-depilation","8":"product_cat-soin-pres-post-epilation","10":"first","11":"instock","12":"taxable","13":"shipping-taxable","14":"product-type-simple"},"acf":[],"_links":{"self":[{"href":"https:\/\/sundar.be\/fr\/wp-json\/wp\/v2\/product\/54369","targetHints":{"allow":["GET"]}}],"collection":[{"href":"https:\/\/sundar.be\/fr\/wp-json\/wp\/v2\/product"}],"about":[{"href":"https:\/\/sundar.be\/fr\/wp-json\/wp\/v2\/types\/product"}],"replies":[{"embeddable":true,"href":"https:\/\/sundar.be\/fr\/wp-json\/wp\/v2\/comments?post=54369"}],"wp:featuredmedia":[{"embeddable":true,"href":"https:\/\/sundar.be\/fr\/wp-json\/wp\/v2\/media\/51912"}],"wp:attachment":[{"href":"https:\/\/sundar.be\/fr\/wp-json\/wp\/v2\/media?parent=54369"}],"wp:term":[{"taxonomy":"product_brand","embeddable":true,"href":"https:\/\/sundar.be\/fr\/wp-json\/wp\/v2\/product_brand?post=54369"},{"taxonomy":"product_cat","embeddable":true,"href":"https:\/\/sundar.be\/fr\/wp-json\/wp\/v2\/product_cat?post=54369"},{"taxonomy":"product_tag","embeddable":true,"href":"https:\/\/sundar.be\/fr\/wp-json\/wp\/v2\/product_tag?post=54369"}],"curies":[{"name":"wp","href":"https:\/\/api.w.org\/{rel}","templated":true}]}}