{"id":54368,"date":"2025-05-23T08:15:39","date_gmt":"2025-05-23T06:15:39","guid":{"rendered":"https:\/\/sundar.be\/product\/radeq-lab-premium-prebiotic-powder-100g\/"},"modified":"2025-12-01T16:11:34","modified_gmt":"2025-12-01T15:11:34","slug":"radeq-lab-premium-prebiotic-powder-100g","status":"publish","type":"product","link":"https:\/\/sundar.be\/fr\/produit\/radeq-lab-premium-prebiotic-powder-100g\/","title":{"rendered":"Radeq Lab Premium Prebiotic Powder, 100g"},"content":{"rendered":"<p><span style=\"color: #557e96;\"><strong>Radeq Lab Premium Prebiotic Powder<\/strong><\/span> est une poudre pr\u00e9paratrice professionnelle qui optimise la peau avant l\u2019\u00e9pilation au sucre. La formule pr\u00e9biotique \u00e0 base d\u2019inuline, d\u2019extrait de racine de chicor\u00e9e et de poudre d\u2019aloe vera soutient le microbiome cutan\u00e9, tandis que l\u2019amidon de tapioca et la bentonite absorbent l\u2019exc\u00e8s d\u2019humidit\u00e9 pour une peau parfaitement s\u00e8che et propre. La poudre emp\u00eache la cire de coller aux zones humides, r\u00e9duit l\u2019irritation pendant le traitement et assure un r\u00e9sultat d\u2019\u00e9pilation plus confortable et plus efficace.  <\/p>\n","protected":false},"excerpt":{"rendered":"<p>Cette poudre pr\u00e9biotique pr\u00e9paratoire absorbe l\u2019humidit\u00e9 et apaise la peau pour une \u00e9pilation au sucre optimale. Le microbiome reste \u00e9quilibr\u00e9 tandis que la peau reste s\u00e8che, fra\u00eeche et confortable pendant l\u2019\u00e9pilation. <\/p>\n","protected":false},"featured_media":51909,"comment_status":"open","ping_status":"closed","template":"","meta":{"_acf_changed":false},"product_brand":[],"product_cat":[4767,1584,5243],"product_tag":[],"class_list":{"0":"post-54368","1":"product","2":"type-product","3":"status-publish","4":"has-post-thumbnail","6":"product_cat-beaute","7":"product_cat-depilation","8":"product_cat-soin-pres-post-epilation","10":"first","11":"instock","12":"taxable","13":"shipping-taxable","14":"product-type-simple"},"acf":[],"_links":{"self":[{"href":"https:\/\/sundar.be\/fr\/wp-json\/wp\/v2\/product\/54368","targetHints":{"allow":["GET"]}}],"collection":[{"href":"https:\/\/sundar.be\/fr\/wp-json\/wp\/v2\/product"}],"about":[{"href":"https:\/\/sundar.be\/fr\/wp-json\/wp\/v2\/types\/product"}],"replies":[{"embeddable":true,"href":"https:\/\/sundar.be\/fr\/wp-json\/wp\/v2\/comments?post=54368"}],"wp:featuredmedia":[{"embeddable":true,"href":"https:\/\/sundar.be\/fr\/wp-json\/wp\/v2\/media\/51909"}],"wp:attachment":[{"href":"https:\/\/sundar.be\/fr\/wp-json\/wp\/v2\/media?parent=54368"}],"wp:term":[{"taxonomy":"product_brand","embeddable":true,"href":"https:\/\/sundar.be\/fr\/wp-json\/wp\/v2\/product_brand?post=54368"},{"taxonomy":"product_cat","embeddable":true,"href":"https:\/\/sundar.be\/fr\/wp-json\/wp\/v2\/product_cat?post=54368"},{"taxonomy":"product_tag","embeddable":true,"href":"https:\/\/sundar.be\/fr\/wp-json\/wp\/v2\/product_tag?post=54368"}],"curies":[{"name":"wp","href":"https:\/\/api.w.org\/{rel}","templated":true}]}}