{"id":54367,"date":"2025-05-23T08:20:05","date_gmt":"2025-05-23T06:20:05","guid":{"rendered":"https:\/\/sundar.be\/product\/sibel-hair-pro-post-depilation-gel-500ml\/"},"modified":"2025-12-01T14:50:04","modified_gmt":"2025-12-01T13:50:04","slug":"sibel-hair-pro-post-depilation-gel-500ml","status":"publish","type":"product","link":"https:\/\/sundar.be\/fr\/produit\/sibel-hair-pro-post-depilation-gel-500ml\/","title":{"rendered":"Sibel Hair Pro Post Depilation Gel, 500ml"},"content":{"rendered":"<p>Le <span style=\"color: #557e96;\"><strong>Sibel Hair Pro Post Depilation Gel<\/strong><\/span> est un gel rafra\u00eechissant et apaisant qui calme imm\u00e9diatement la peau apr\u00e8s l\u2019\u00e9pilation. Sa formule l\u00e9g\u00e8re et fra\u00eeche \u00e0 base d\u2019aloe vera, de glyc\u00e9rine et d\u2019actifs adoucissants r\u00e9duit les rougeurs, les tiraillements et les irritations, permettant \u00e0 la peau de r\u00e9cup\u00e9rer plus rapidement et de retrouver un confort optimal. Id\u00e9al apr\u00e8s l\u2019\u00e9pilation \u00e0 la cire, au sucre, \u00e0 la pince ou toute autre m\u00e9thode d\u2019\u00e9pilation.  <\/p>\n","protected":false},"excerpt":{"rendered":"<p>Ce gel rafra\u00eechissant hydrate et apaise la peau apr\u00e8s l\u2019\u00e9pilation gr\u00e2ce \u00e0 l\u2019aloe vera et \u00e0 la glyc\u00e9rine. Les rougeurs et irritations diminuent visiblement et la peau retrouve une sensation de fra\u00eecheur et de confort. <\/p>\n","protected":false},"featured_media":51917,"comment_status":"open","ping_status":"closed","template":"","meta":{"_acf_changed":false},"product_brand":[],"product_cat":[4767,1584,5243],"product_tag":[],"class_list":{"0":"post-54367","1":"product","2":"type-product","3":"status-publish","4":"has-post-thumbnail","6":"product_cat-beaute","7":"product_cat-depilation","8":"product_cat-soin-pres-post-epilation","10":"first","11":"instock","12":"taxable","13":"shipping-taxable","14":"product-type-simple"},"acf":[],"_links":{"self":[{"href":"https:\/\/sundar.be\/fr\/wp-json\/wp\/v2\/product\/54367","targetHints":{"allow":["GET"]}}],"collection":[{"href":"https:\/\/sundar.be\/fr\/wp-json\/wp\/v2\/product"}],"about":[{"href":"https:\/\/sundar.be\/fr\/wp-json\/wp\/v2\/types\/product"}],"replies":[{"embeddable":true,"href":"https:\/\/sundar.be\/fr\/wp-json\/wp\/v2\/comments?post=54367"}],"wp:featuredmedia":[{"embeddable":true,"href":"https:\/\/sundar.be\/fr\/wp-json\/wp\/v2\/media\/51917"}],"wp:attachment":[{"href":"https:\/\/sundar.be\/fr\/wp-json\/wp\/v2\/media?parent=54367"}],"wp:term":[{"taxonomy":"product_brand","embeddable":true,"href":"https:\/\/sundar.be\/fr\/wp-json\/wp\/v2\/product_brand?post=54367"},{"taxonomy":"product_cat","embeddable":true,"href":"https:\/\/sundar.be\/fr\/wp-json\/wp\/v2\/product_cat?post=54367"},{"taxonomy":"product_tag","embeddable":true,"href":"https:\/\/sundar.be\/fr\/wp-json\/wp\/v2\/product_tag?post=54367"}],"curies":[{"name":"wp","href":"https:\/\/api.w.org\/{rel}","templated":true}]}}