{"id":54363,"date":"2025-05-23T08:34:01","date_gmt":"2025-05-23T06:34:01","guid":{"rendered":"https:\/\/sundar.be\/product\/spatule-a-cire-tout-usage-en-metal-sibel-25-cm-speciale-jambes\/"},"modified":"2025-08-04T10:01:18","modified_gmt":"2025-08-04T08:01:18","slug":"spatule-a-cire-tout-usage-en-metal-sibel-25-cm-speciale-jambes","status":"publish","type":"product","link":"https:\/\/sundar.be\/fr\/produit\/spatule-a-cire-tout-usage-en-metal-sibel-25-cm-speciale-jambes\/","title":{"rendered":"Spatule \u00e0 cire tout usage en m\u00e9tal Sibel \u2013 25 cm, sp\u00e9ciale jambes"},"content":{"rendered":"<p>Avec sa forme arrondie et sa grande surface, cette spatule est id\u00e9ale pour l\u2019\u00e9pilation \u00e0 la cire des grandes zones.<br \/>\nSa forme ergonomique est sp\u00e9cialement con\u00e7ue pour les jambes.<br \/>\nLes spatules en m\u00e9tal ont l\u2019avantage d\u2019\u00eatre r\u00e9utilisables.<\/p>\n","protected":false},"excerpt":{"rendered":"<p>Avec sa forme arrondie et sa grande surface, cette spatule est id\u00e9ale pour l\u2019\u00e9pilation \u00e0 la cire des grandes zones. Sa forme ergonomique est sp\u00e9cialement con\u00e7ue pour les jambes. Les spatules en m\u00e9tal ont l\u2019avantage d\u2019\u00eatre r\u00e9utilisables.<\/p>\n","protected":false},"featured_media":51941,"comment_status":"open","ping_status":"closed","template":"","meta":{"_acf_changed":false},"product_brand":[],"product_cat":[4767,1584,4602],"product_tag":[],"class_list":{"0":"post-54363","1":"product","2":"type-product","3":"status-publish","4":"has-post-thumbnail","6":"product_cat-beaute","7":"product_cat-depilation","8":"product_cat-spatules-pinceaux","10":"first","11":"instock","12":"taxable","13":"shipping-taxable","14":"product-type-simple"},"acf":[],"_links":{"self":[{"href":"https:\/\/sundar.be\/fr\/wp-json\/wp\/v2\/product\/54363","targetHints":{"allow":["GET"]}}],"collection":[{"href":"https:\/\/sundar.be\/fr\/wp-json\/wp\/v2\/product"}],"about":[{"href":"https:\/\/sundar.be\/fr\/wp-json\/wp\/v2\/types\/product"}],"replies":[{"embeddable":true,"href":"https:\/\/sundar.be\/fr\/wp-json\/wp\/v2\/comments?post=54363"}],"wp:featuredmedia":[{"embeddable":true,"href":"https:\/\/sundar.be\/fr\/wp-json\/wp\/v2\/media\/51941"}],"wp:attachment":[{"href":"https:\/\/sundar.be\/fr\/wp-json\/wp\/v2\/media?parent=54363"}],"wp:term":[{"taxonomy":"product_brand","embeddable":true,"href":"https:\/\/sundar.be\/fr\/wp-json\/wp\/v2\/product_brand?post=54363"},{"taxonomy":"product_cat","embeddable":true,"href":"https:\/\/sundar.be\/fr\/wp-json\/wp\/v2\/product_cat?post=54363"},{"taxonomy":"product_tag","embeddable":true,"href":"https:\/\/sundar.be\/fr\/wp-json\/wp\/v2\/product_tag?post=54363"}],"curies":[{"name":"wp","href":"https:\/\/api.w.org\/{rel}","templated":true}]}}